{"id":1501,"date":"2023-12-19T09:36:18","date_gmt":"2023-12-19T12:36:18","guid":{"rendered":"https:\/\/solanacapital.com.br\/?page_id=1501"},"modified":"2026-05-04T10:48:38","modified_gmt":"2026-05-04T13:48:38","slug":"solana-long-biased-fic-de-fia","status":"publish","type":"page","link":"https:\/\/solanacapital.com.br\/?page_id=1501","title":{"rendered":"SOLANA LONG BIASED FIC DE FIA"},"content":{"rendered":"\n<div class=\"wp-block-uagb-container uagb-block-44b414af alignfull uagb-is-root-container\"><div class=\"uagb-container-inner-blocks-wrap\">\n<h2 class=\"wp-block-heading has-text-align-center has-large-font-size uag-hide-tab uag-hide-mob\" style=\"font-style:normal;font-weight:600\">SOLANA LONG BIASED FIC DE FIA<\/h2>\n\n\n\n<h2 class=\"wp-block-heading has-text-align-center uag-hide-desktop\" style=\"font-size:16px;font-style:normal;font-weight:700\">SOLANA LONG BIASED FIC DE FIA<\/h2>\n\n\n\n<figure class=\"wp-block-image aligncenter size-full\"><img loading=\"lazy\" decoding=\"async\" width=\"143\" height=\"34\" src=\"https:\/\/solanacapital.com.br\/wp-content\/uploads\/2023\/11\/detalhe-logo-2.jpg\" alt=\"\" class=\"wp-image-1259\"\/><\/figure>\n\n\n\n<div class=\"wp-block-uagb-container uagb-block-2621b2d0\">\n<h2 class=\"wp-block-heading has-text-align-left has-medium-font-size uag-hide-tab uag-hide-mob\"><strong>Objetivo<\/strong><\/h2>\n\n\n\n<h2 class=\"wp-block-heading has-text-align-left uag-hide-desktop\" style=\"font-size:16px\"><strong>Objetivo<\/strong><\/h2>\n\n\n\n<p>O Fundo tem por objetivo proporcionar aos seus cotistas, a m\u00e9dio e longo prazo, ganhos de capital por meio do investimento de seus recursos primordialmente no mercado acion\u00e1rio, sem perseguir uma alta correla\u00e7\u00e3o com qualquer \u00edndice de a\u00e7\u00f5es espec\u00edfico dispon\u00edvel. \u00c9 inerente ao processo de investimento do fundo a utiliza\u00e7\u00e3o intensiva de derivativos com objetivo primordial de prote\u00e7\u00e3o de capital.<\/p>\n<\/div>\n\n\n\n<div class=\"wp-block-uagb-container uagb-block-e48abc41\">\n<h2 class=\"wp-block-heading has-text-align-left has-medium-font-size uag-hide-tab uag-hide-mob\"><strong>Pol\u00edticas de Investimentos&nbsp;<\/strong><\/h2>\n\n\n\n<h2 class=\"wp-block-heading has-text-align-left uag-hide-desktop\" style=\"font-size:16px\"><strong>Pol\u00edticas de Investimentos&nbsp;<\/strong><\/h2>\n\n\n\n<p>O fundo investir\u00e1 atrav\u00e9s do fundo master \u00b9 em a\u00e7\u00f5es (a\u00e7\u00f5es, b\u00f4nus ou recibos de subscri\u00e7\u00e3o, cotas de fundos de a\u00e7\u00f5es, e BDRs classificados como n\u00edvel II e III) cuja representatividade ser\u00e1 de, no m\u00ednimo, 67% (sessenta e sete por cento) de sua carteira.<\/p>\n<\/div>\n\n\n\n<div class=\"wp-block-uagb-container uagb-block-511c1c94 alignfull uagb-is-root-container\"><div class=\"uagb-container-inner-blocks-wrap\">\n<h2 class=\"wp-block-heading has-text-align-center\" style=\"font-size:24px;font-style:normal;font-weight:700\">CARACTER\u00cdSTICAS<\/h2>\n\n\n\n<figure class=\"wp-block-image aligncenter size-full\"><img loading=\"lazy\" decoding=\"async\" width=\"143\" height=\"34\" src=\"https:\/\/solanacapital.com.br\/wp-content\/uploads\/2023\/11\/detalhe-logo-2.jpg\" alt=\"\" class=\"wp-image-1259\"\/><\/figure>\n<\/div><\/div>\n<\/div><\/div>\n\n\n\n<div class=\"wp-block-uagb-container uagb-block-3db65a84 alignfull uagb-is-root-container\"><div class=\"uagb-container-inner-blocks-wrap\">\n<table id=\"tablepress-8\" class=\"tablepress tablepress-id-8\">\n<tbody class=\"row-hover\">\n<tr class=\"row-1 odd\">\n\t<td class=\"column-1\">Classifica\u00e7\u00e3o Anbima<\/td><td class=\"column-2\">A\u00e7\u00f5es Livre<\/td>\n<\/tr>\n<tr class=\"row-2 even\">\n\t<td class=\"column-1\">In\u00edcio do fundo<\/td><td class=\"column-2\">26 de abril de 2023<\/td>\n<\/tr>\n<tr class=\"row-3 odd\">\n\t<td class=\"column-1\">Taxa de administra\u00e7\u00e3o<\/td><td class=\"column-2\">1,85% a.a. + 0,15% a.a. (master)<\/td>\n<\/tr>\n<tr class=\"row-4 even\">\n\t<td class=\"column-1\">Taxa de performance<\/td><td class=\"column-2\">20% do que exceder o IPC-A + Yield IMA-B<\/td>\n<\/tr>\n<tr class=\"row-5 odd\">\n\t<td class=\"column-1\">Aplica\u00e7\u00e3o m\u00ednima inicial<\/td><td class=\"column-2\">R$ 500.00<\/td>\n<\/tr>\n<tr class=\"row-6 even\">\n\t<td class=\"column-1\">Valor m\u00ednimo para movimenta\u00e7\u00e3o<\/td><td class=\"column-2\">R$ 100.00<\/td>\n<\/tr>\n<tr class=\"row-7 odd\">\n\t<td class=\"column-1\">Saldo m\u00ednimo de perman\u00eancia<\/td><td class=\"column-2\">R$ 100.00<\/td>\n<\/tr>\n<tr class=\"row-8 even\">\n\t<td class=\"column-1\">Aplica\u00e7\u00e3o<\/td><td class=\"column-2\">D+1 (fechamento)<\/td>\n<\/tr>\n<tr class=\"row-9 odd\">\n\t<td class=\"column-1\">Resgate<\/td><td class=\"column-2\">D+30 (cotiza\u00e7\u00e3o); liquida\u00e7\u00e3o financeira no 2\u00ba dia \u00fatil subsequente \u00e0 convers\u00e3o de cotas<\/td>\n<\/tr>\n<tr class=\"row-10 even\">\n\t<td class=\"column-1\">Hor\u00e1rio<\/td><td class=\"column-2\">15:30 (hor\u00e1rio de Brasilia)<\/td>\n<\/tr>\n<tr class=\"row-11 odd\">\n\t<td class=\"column-1\">P\u00fablico alvo<\/td><td class=\"column-2\">Investidores Qualificados<\/td>\n<\/tr>\n<tr class=\"row-12 even\">\n\t<td class=\"column-1\">Tributa\u00e7\u00e3o<\/td><td class=\"column-2\">A\u00e7\u00f5es - 15% sobre rendimento<\/td>\n<\/tr>\n<tr class=\"row-13 odd\">\n\t<td class=\"column-1\">Gest\u00e3o<\/td><td class=\"column-2\">Solana Gestora de Recursos Ltda.<\/td>\n<\/tr>\n<tr class=\"row-14 even\">\n\t<td class=\"column-1\">Escala de Risco - Solana<\/td><td class=\"column-2\">Moderado<\/td>\n<\/tr>\n<tr class=\"row-15 odd\">\n\t<td class=\"column-1\">Site Administrador<\/td><td class=\"column-2\">www.btgpactual.com<\/td>\n<\/tr>\n<tr class=\"row-16 even\">\n\t<td class=\"column-1\">Administrador<\/td><td class=\"column-2\">BTG Pactual Servi\u00e7os Financeiros S.A. DTVM<\/td>\n<\/tr>\n<tr class=\"row-17 odd\">\n\t<td class=\"column-1\">Cust\u00f3dia<\/td><td class=\"column-2\">Banco BTG Pactual S.A<\/td>\n<\/tr>\n<tr class=\"row-18 even\">\n\t<td class=\"column-1\">Auditor<\/td><td class=\"column-2\">Ernst Young<\/td>\n<\/tr>\n<\/tbody>\n<\/table>\n<!-- #tablepress-8 from cache -->\n<\/div><\/div>\n\n\n\n<div class=\"wp-block-uagb-container uagb-block-4f464bfb alignfull uagb-is-root-container\"><div class=\"uagb-container-inner-blocks-wrap\">\n<table id=\"tablepress-9\" class=\"tablepress tablepress-id-9\">\n<thead>\n<tr class=\"row-1 odd\">\n\t<th class=\"column-1\">Ano<\/th><th class=\"column-2\">Jan<\/th><th class=\"column-3\">Fev<\/th><th class=\"column-4\">Mar<\/th><th class=\"column-5\">Abr<\/th><th class=\"column-6\">Mai<\/th><th class=\"column-7\">Jun<\/th><th class=\"column-8\">Jul<\/th><th class=\"column-9\">Ago<\/th><th class=\"column-10\">Set<\/th><th class=\"column-11\">Out<\/th><th class=\"column-12\">Nov<\/th><th class=\"column-13\">Dez<\/th><th class=\"column-14\">Ano<\/th><th class=\"column-15\">Acum. Fundo<\/th>\n<\/tr>\n<\/thead>\n<tbody>\n<tr class=\"row-2 even\">\n\t<td class=\"column-1\"><\/td><td class=\"column-2\"><\/td><td class=\"column-3\"><\/td><td class=\"column-4\"><\/td><td class=\"column-5\"><\/td><td class=\"column-6\"><\/td><td class=\"column-7\"><\/td><td class=\"column-8\"><\/td><td class=\"column-9\"><\/td><td class=\"column-10\"><\/td><td class=\"column-11\"><\/td><td class=\"column-12\"><\/td><td class=\"column-13\"><\/td><td class=\"column-14\"><\/td><td class=\"column-15\"><\/td>\n<\/tr>\n<tr class=\"row-3 odd\">\n\t<td class=\"column-1\">2023<\/td><td class=\"column-2\"><\/td><td class=\"column-3\"><\/td><td class=\"column-4\"><\/td><td class=\"column-5\">0.03%<\/td><td class=\"column-6\">2.26%<\/td><td class=\"column-7\">2.63%<\/td><td class=\"column-8\">1.87%<\/td><td class=\"column-9\">-1.40%<\/td><td class=\"column-10\">-0.49%<\/td><td class=\"column-11\">-2.51%<\/td><td class=\"column-12\">6.53%<\/td><td class=\"column-13\">2.53%<\/td><td class=\"column-14\">11.72%<\/td><td class=\"column-15\">11.72%<\/td>\n<\/tr>\n<tr class=\"row-4 even\">\n\t<td class=\"column-1\"><\/td><td class=\"column-2\"><\/td><td class=\"column-3\"><\/td><td class=\"column-4\"><\/td><td class=\"column-5\"><\/td><td class=\"column-6\"><\/td><td class=\"column-7\"><\/td><td class=\"column-8\"><\/td><td class=\"column-9\"><\/td><td class=\"column-10\"><\/td><td class=\"column-11\"><\/td><td class=\"column-12\"><\/td><td class=\"column-13\"><\/td><td class=\"column-14\"><\/td><td class=\"column-15\"><\/td>\n<\/tr>\n<tr class=\"row-5 odd\">\n\t<td class=\"column-1\">2024<\/td><td class=\"column-2\">-3.65%<\/td><td class=\"column-3\">-0.07%<\/td><td class=\"column-4\">-0.07%<\/td><td class=\"column-5\">-3.49%<\/td><td class=\"column-6\">-1.40%<\/td><td class=\"column-7\">0.74%<\/td><td class=\"column-8\">6.00%<\/td><td class=\"column-9\">2.34%<\/td><td class=\"column-10\">0.15%<\/td><td class=\"column-11\">-0.17%<\/td><td class=\"column-12\">-1.71%<\/td><td class=\"column-13\">-1.20%<\/td><td class=\"column-14\">-2.87%<\/td><td class=\"column-15\">8.52%<\/td>\n<\/tr>\n<tr class=\"row-6 even\">\n\t<td class=\"column-1\"><\/td><td class=\"column-2\"><\/td><td class=\"column-3\"><\/td><td class=\"column-4\"><\/td><td class=\"column-5\"><\/td><td class=\"column-6\"><\/td><td class=\"column-7\"><\/td><td class=\"column-8\"><\/td><td class=\"column-9\"><\/td><td class=\"column-10\"><\/td><td class=\"column-11\"><\/td><td class=\"column-12\"><\/td><td class=\"column-13\"><\/td><td class=\"column-14\"><\/td><td class=\"column-15\"><\/td>\n<\/tr>\n<tr class=\"row-7 odd\">\n\t<td class=\"column-1\">2025<\/td><td class=\"column-2\">2.37%<\/td><td class=\"column-3\">-2.96%<\/td><td class=\"column-4\">2.56%<\/td><td class=\"column-5\">9.01%<\/td><td class=\"column-6\">8.24%<\/td><td class=\"column-7\">2.04%<\/td><td class=\"column-8\">-3.62%<\/td><td class=\"column-9\">5.89%<\/td><td class=\"column-10\">4.86%<\/td><td class=\"column-11\">1.30%<\/td><td class=\"column-12\">6.16%<\/td><td class=\"column-13\">2.18%<\/td><td class=\"column-14\">44.24%<\/td><td class=\"column-15\">56.52%<\/td>\n<\/tr>\n<tr class=\"row-8 even\">\n\t<td class=\"column-1\"><\/td><td class=\"column-2\"><\/td><td class=\"column-3\"><\/td><td class=\"column-4\"><\/td><td class=\"column-5\"><\/td><td class=\"column-6\"><\/td><td class=\"column-7\"><\/td><td class=\"column-8\"><\/td><td class=\"column-9\"><\/td><td class=\"column-10\"><\/td><td class=\"column-11\"><\/td><td class=\"column-12\"><\/td><td class=\"column-13\"><\/td><td class=\"column-14\"><\/td><td class=\"column-15\"><\/td>\n<\/tr>\n<tr class=\"row-9 odd\">\n\t<td class=\"column-1\">2026<\/td><td class=\"column-2\">7.71%<\/td><td class=\"column-3\">2.20%<\/td><td class=\"column-4\">-0.08%<\/td><td class=\"column-5\">2.62%<\/td><td class=\"column-6\"><\/td><td class=\"column-7\"><\/td><td class=\"column-8\"><\/td><td class=\"column-9\"><\/td><td class=\"column-10\"><\/td><td class=\"column-11\"><\/td><td class=\"column-12\"><\/td><td class=\"column-13\"><\/td><td class=\"column-14\">12.88%<\/td><td class=\"column-15\">76.67%<\/td>\n<\/tr>\n<\/tbody>\n<\/table>\n<!-- #tablepress-9 from cache -->\n<\/div><\/div>\n\n\n\n<div class=\"wp-block-uagb-container uagb-block-ee0a4d5a alignfull uagb-is-root-container\"><div class=\"uagb-container-inner-blocks-wrap\"><\/div><\/div>\n\n\n\n<div class=\"wp-block-uagb-container uagb-block-89f46640 alignfull uagb-is-root-container\"><div class=\"uagb-container-inner-blocks-wrap\">\n<h2 class=\"wp-block-heading has-text-align-center\" style=\"font-size:28px;font-style:normal;font-weight:500\">DOCUMENTOS<\/h2>\n\n\n\n<figure class=\"wp-block-image aligncenter size-full\"><img loading=\"lazy\" decoding=\"async\" width=\"143\" height=\"34\" src=\"https:\/\/solanacapital.com.br\/wp-content\/uploads\/2023\/11\/detalhe-logo-2.jpg\" alt=\"\" class=\"wp-image-1259\"\/><\/figure>\n\n\n\n<section class=\"wp-block-uagb-section uagb-section__wrap uagb-section__background-none uagb-block-7fbc870a\"><div class=\"uagb-section__overlay\"><\/div><div class=\"uagb-section__inner-wrap\">\n<h2 class=\"wp-block-heading has-text-align-center has-ast-global-color-6-color has-text-color has-link-color wp-elements-c6c4af19903a4973e68b8688fc61ea8d\" style=\"font-size:15px\"><a href=\"https:\/\/solanacapital.com.br\/wp-content\/uploads\/2023\/12\/PoliticadeVoto-3.pdf\" target=\"_blank\" rel=\"noreferrer noopener\">Pol\u00edtica de Voto<\/a><\/h2>\n\n\n\n<h2 class=\"wp-block-heading has-text-align-center has-ast-global-color-6-color has-text-color has-link-color wp-elements-29a7bc462c6b5146bd19007369c93b26\" style=\"font-size:15px\"><a href=\"https:\/\/solanacapital.com.br\/wp-content\/uploads\/2023\/12\/Regulamento-Solana-Long-Biased-FIC-FIA-01.12.2021-VF.pdf\" target=\"_blank\" rel=\"noreferrer noopener\">Regulamento<\/a><\/h2>\n\n\n\n<h2 class=\"wp-block-heading has-text-align-center has-ast-global-color-6-color has-text-color has-link-color wp-elements-3e3166b4ab08a54bb060f218df239d77\" style=\"font-size:15px\"><a href=\"https:\/\/solanacapital.com.br\/wp-content\/uploads\/2026\/05\/Solana-Long-Biased-FIC-FIA-Abril-2026-1.pdf\" data-type=\"link\" data-id=\"https:\/\/solanacapital.com.br\/wp-content\/uploads\/2024\/08\/Solana-Long-Biased-FIC-FIA-Julho-2024-1.pdf\" target=\"_blank\" rel=\"noreferrer noopener\">Material de Divulga\u00e7\u00e3o<\/a><\/h2>\n<\/div><\/section>\n<\/div><\/div>\n","protected":false},"excerpt":{"rendered":"<p>SOLANA LONG BIASED FIC DE FIA SOLANA LONG BIASED FIC DE FIA Objetivo Objetivo O Fundo tem por objetivo proporcionar aos seus cotistas, a m\u00e9dio e longo prazo, ganhos de capital por meio do investimento de seus recursos primordialmente no mercado acion\u00e1rio, sem perseguir uma alta correla\u00e7\u00e3o com qualquer \u00edndice de a\u00e7\u00f5es espec\u00edfico dispon\u00edvel. \u00c9 &hellip;<\/p>\n<p class=\"read-more\"> <a class=\"\" href=\"https:\/\/solanacapital.com.br\/?page_id=1501\"> <span class=\"screen-reader-text\">SOLANA LONG BIASED FIC DE FIA<\/span> Leia mais &raquo;<\/a><\/p>\n","protected":false},"author":1,"featured_media":0,"parent":0,"menu_order":0,"comment_status":"closed","ping_status":"closed","template":"","meta":{"_uag_custom_page_level_css":"","site-sidebar-layout":"no-sidebar","site-content-layout":"page-builder","ast-site-content-layout":"full-width-container","site-content-style":"unboxed","site-sidebar-style":"unboxed","ast-global-header-display":"","ast-banner-title-visibility":"","ast-main-header-display":"","ast-hfb-above-header-display":"","ast-hfb-below-header-display":"","ast-hfb-mobile-header-display":"","site-post-title":"disabled","ast-breadcrumbs-content":"","ast-featured-img":"disabled","footer-sml-layout":"","theme-transparent-header-meta":"","adv-header-id-meta":"","stick-header-meta":"","header-above-stick-meta":"","header-main-stick-meta":"","header-below-stick-meta":"","astra-migrate-meta-layouts":"set","ast-page-background-enabled":"default","ast-page-background-meta":{"desktop":{"background-color":"var(--ast-global-color-4)","background-image":"","background-repeat":"repeat","background-position":"center center","background-size":"auto","background-attachment":"scroll","background-type":"","background-media":"","overlay-type":"","overlay-color":"","overlay-gradient":""},"tablet":{"background-color":"","background-image":"","background-repeat":"repeat","background-position":"center center","background-size":"auto","background-attachment":"scroll","background-type":"","background-media":"","overlay-type":"","overlay-color":"","overlay-gradient":""},"mobile":{"background-color":"","background-image":"","background-repeat":"repeat","background-position":"center center","background-size":"auto","background-attachment":"scroll","background-type":"","background-media":"","overlay-type":"","overlay-color":"","overlay-gradient":""}},"ast-content-background-meta":{"desktop":{"background-color":"var(--ast-global-color-5)","background-image":"","background-repeat":"repeat","background-position":"center center","background-size":"auto","background-attachment":"scroll","background-type":"","background-media":"","overlay-type":"","overlay-color":"","overlay-gradient":""},"tablet":{"background-color":"var(--ast-global-color-5)","background-image":"","background-repeat":"repeat","background-position":"center center","background-size":"auto","background-attachment":"scroll","background-type":"","background-media":"","overlay-type":"","overlay-color":"","overlay-gradient":""},"mobile":{"background-color":"var(--ast-global-color-5)","background-image":"","background-repeat":"repeat","background-position":"center center","background-size":"auto","background-attachment":"scroll","background-type":"","background-media":"","overlay-type":"","overlay-color":"","overlay-gradient":""}},"footnotes":""},"uagb_featured_image_src":{"full":false,"thumbnail":false,"medium":false,"medium_large":false,"large":false,"1536x1536":false,"2048x2048":false},"uagb_author_info":{"display_name":"vossrobertt@gmail.com","author_link":"https:\/\/solanacapital.com.br\/?author=1"},"uagb_comment_info":0,"uagb_excerpt":"SOLANA LONG BIASED FIC DE FIA SOLANA LONG BIASED FIC DE FIA Objetivo Objetivo O Fundo tem por objetivo proporcionar aos seus cotistas, a m\u00e9dio e longo prazo, ganhos de capital por meio do investimento de seus recursos primordialmente no mercado acion\u00e1rio, sem perseguir uma alta correla\u00e7\u00e3o com qualquer \u00edndice de a\u00e7\u00f5es espec\u00edfico dispon\u00edvel. \u00c9&hellip;","_links":{"self":[{"href":"https:\/\/solanacapital.com.br\/index.php?rest_route=\/wp\/v2\/pages\/1501"}],"collection":[{"href":"https:\/\/solanacapital.com.br\/index.php?rest_route=\/wp\/v2\/pages"}],"about":[{"href":"https:\/\/solanacapital.com.br\/index.php?rest_route=\/wp\/v2\/types\/page"}],"author":[{"embeddable":true,"href":"https:\/\/solanacapital.com.br\/index.php?rest_route=\/wp\/v2\/users\/1"}],"replies":[{"embeddable":true,"href":"https:\/\/solanacapital.com.br\/index.php?rest_route=%2Fwp%2Fv2%2Fcomments&post=1501"}],"version-history":[{"count":78,"href":"https:\/\/solanacapital.com.br\/index.php?rest_route=\/wp\/v2\/pages\/1501\/revisions"}],"predecessor-version":[{"id":2970,"href":"https:\/\/solanacapital.com.br\/index.php?rest_route=\/wp\/v2\/pages\/1501\/revisions\/2970"}],"wp:attachment":[{"href":"https:\/\/solanacapital.com.br\/index.php?rest_route=%2Fwp%2Fv2%2Fmedia&parent=1501"}],"curies":[{"name":"wp","href":"https:\/\/api.w.org\/{rel}","templated":true}]}}