{"id":1303,"date":"2023-11-30T13:24:46","date_gmt":"2023-11-30T16:24:46","guid":{"rendered":"https:\/\/solanacapital.com.br\/?page_id=1303"},"modified":"2026-04-01T16:59:42","modified_gmt":"2026-04-01T19:59:42","slug":"solana-equity-hedge-fic-fim","status":"publish","type":"page","link":"https:\/\/solanacapital.com.br\/?page_id=1303","title":{"rendered":"SOLANA EQUITY HEDGE FIC FIM"},"content":{"rendered":"\n<div class=\"wp-block-uagb-container uagb-block-44b414af alignfull uagb-is-root-container\"><div class=\"uagb-container-inner-blocks-wrap\">\n<h2 class=\"wp-block-heading has-text-align-center has-large-font-size uag-hide-tab uag-hide-mob\" style=\"font-style:normal;font-weight:600\">SOLANA EQUITY HEDGE FIC FIM<\/h2>\n\n\n\n<h2 class=\"wp-block-heading has-text-align-center uag-hide-desktop\" style=\"font-size:16px;font-style:normal;font-weight:600\">SOLANA EQUITY HEDGE FIC FIM<\/h2>\n\n\n\n<figure class=\"wp-block-image aligncenter size-full\"><img loading=\"lazy\" decoding=\"async\" width=\"143\" height=\"34\" src=\"https:\/\/solanacapital.com.br\/wp-content\/uploads\/2023\/11\/detalhe-logo-2.jpg\" alt=\"\" class=\"wp-image-1259\"\/><\/figure>\n\n\n\n<div class=\"wp-block-uagb-container uagb-block-2621b2d0\">\n<h2 class=\"wp-block-heading has-text-align-left has-medium-font-size uag-hide-tab uag-hide-mob\"><strong>Objetivo<\/strong><\/h2>\n\n\n\n<h2 class=\"wp-block-heading has-text-align-left uag-hide-desktop\" style=\"font-size:16px\"><strong>Objetivo<\/strong><\/h2>\n\n\n\n<p>O objetivo do FUNDO \u00e9, por meio de aplica\u00e7\u00e3o em cotas do SOLANA EQUITY HEDGE FUNDO DE INVESTIMENTO MULTIMERCADO, (\u201cFundo Master\u201d), proporcionar retornos superiores ao seu benchmark no longo prazo. O Fundo Master predominantemente faz estrat\u00e9gias compradas e vendidas em ativos ligados ao mercado de renda vari\u00e1vel. Derivativos s\u00e3o utilizados em boa parte das estrat\u00e9gias, principalmente com a finalidade de prote\u00e7\u00e3o. No entanto, estruturas de derivativos com o objetivo de maximizar o retorno de determinadas posi\u00e7\u00f5es tamb\u00e9m podem fazer parte da carteira. O Fundo n\u00e3o busca perseguir uma correla\u00e7\u00e3o com qualquer \u00edndice de a\u00e7\u00f5es espec\u00edfico dispon\u00edvel.<\/p>\n<\/div>\n\n\n\n<div class=\"wp-block-uagb-container uagb-block-e48abc41\">\n<h2 class=\"wp-block-heading has-text-align-left has-medium-font-size uag-hide-tab uag-hide-mob\"><strong>Pol\u00edticas de Investimentos&nbsp;<\/strong><\/h2>\n\n\n\n<h2 class=\"wp-block-heading has-text-align-left uag-hide-desktop\" style=\"font-size:16px\"><strong>Pol\u00edticas de Investimentos&nbsp;<\/strong><\/h2>\n\n\n\n<p>A carteira do fundo \u00e9 composta de forma a aproveitar as constantes distor\u00e7\u00f5es verificadas no mercado, onde vemos, frequentemente, a\u00e7\u00f5es negociando acima ou abaixo dos patamares que consideramos razo\u00e1veis. Estas distor\u00e7\u00f5es ocorrem no dia a dia, principalmente por conta de fluxos constantes de compra ou venda, mas tamb\u00e9m quando da ocorr\u00eancia de eventos significativamente positivos ou negativos, resultando em subsequente sobre-valoriza\u00e7\u00e3o ou sub-valoriza\u00e7\u00e3o das a\u00e7\u00f5es afetadas.<\/p>\n<\/div>\n\n\n\n<div class=\"wp-block-uagb-container uagb-block-98c9841d\">\n<h2 class=\"wp-block-heading has-text-align-left has-medium-font-size\"><strong>P\u00fablico Alvo&nbsp;<\/strong><\/h2>\n\n\n\n<p>O fundo \u00e9 destinado a investidores qualificados e profissionais.<\/p>\n\n\n\n<p><strong>O FUNDO MASTER UTILIZA ESTRAT\u00c9GIAS QUE PODEM RESULTAR EM SIGNIFICATIVAS PERDAS PATRIMONIAIS PARA SEUS COTISTAS, PODENDO, INCLUSIVE, ACARRETAR PERDAS SUPERIORES AO CAPITAL APLICADO, E A CONSEQUENTE OBRIGA\u00c7\u00c3O DO COTISTA DE APORTAR RECURSOS ADICIONAIS PARA COBRIR O PREJU\u00cdZO DO FUNDO MASTER.&nbsp;<\/strong><\/p>\n<\/div>\n\n\n\n<div class=\"wp-block-uagb-container uagb-block-511c1c94 alignfull uagb-is-root-container\"><div class=\"uagb-container-inner-blocks-wrap\">\n<h2 class=\"wp-block-heading has-text-align-center\" style=\"font-size:24px;font-style:normal;font-weight:600\">CARACTER\u00cdSTICAS<\/h2>\n\n\n\n<figure class=\"wp-block-image aligncenter size-full\"><img loading=\"lazy\" decoding=\"async\" width=\"143\" height=\"34\" src=\"https:\/\/solanacapital.com.br\/wp-content\/uploads\/2023\/11\/detalhe-logo-2.jpg\" alt=\"\" class=\"wp-image-1259\"\/><\/figure>\n<\/div><\/div>\n<\/div><\/div>\n\n\n\n<div class=\"wp-block-uagb-container uagb-block-3db65a84 alignfull uagb-is-root-container\"><div class=\"uagb-container-inner-blocks-wrap\">\n<table id=\"tablepress-4\" class=\"tablepress tablepress-id-4\">\n<tbody class=\"row-hover\">\n<tr class=\"row-1 odd\">\n\t<td class=\"column-1\">Saldo m\u00ednimo de perman\u00eancia<\/td><td class=\"column-2\">R$ 1.000,00<\/td>\n<\/tr>\n<tr class=\"row-2 even\">\n\t<td class=\"column-1\">Aplica\u00e7\u00e3o<\/td><td class=\"column-2\">D0 (fechamento)<\/td>\n<\/tr>\n<tr class=\"row-3 odd\">\n\t<td class=\"column-1\">Hor\u00e1rio<\/td><td class=\"column-2\">15:30 (hor\u00e1rio de Brasilia)<\/td>\n<\/tr>\n<tr class=\"row-4 even\">\n\t<td class=\"column-1\">P\u00fablico alvo<\/td><td class=\"column-2\">Investidor Qualificado e Profissional<\/td>\n<\/tr>\n<tr class=\"row-5 odd\">\n\t<td class=\"column-1\">Tributa\u00e7\u00e3o<\/td><td class=\"column-2\">Longo Prazo<\/td>\n<\/tr>\n<tr class=\"row-6 even\">\n\t<td class=\"column-1\">Gest\u00e3o<\/td><td class=\"column-2\">Solana Gestora de Recursos Ltda.<\/td>\n<\/tr>\n<tr class=\"row-7 odd\">\n\t<td class=\"column-1\">Resgate<\/td><td class=\"column-2\">Cotiza\u00e7\u00e3o no \u00faltimo dia \u00fatil do m\u00eas subsequente, em caso de solicita\u00e7\u00e3o de resgate at\u00e9 o 15\u00ba (d\u00e9cimo quinto) dia do m\u00eas em curso. Liquida\u00e7\u00e3o em 2 dias \u00fateis subsequentes a cotiza\u00e7\u00e3o. Verificar regulamento para maiores informa\u00e7\u00f5es.<\/td>\n<\/tr>\n<tr class=\"row-8 even\">\n\t<td class=\"column-1\">Aplica\u00e7\u00e3o m\u00ednima inicial<\/td><td class=\"column-2\">R$ 1.000,00<\/td>\n<\/tr>\n<tr class=\"row-9 odd\">\n\t<td class=\"column-1\">Valor m\u00ednimo para movimenta\u00e7\u00e3o<\/td><td class=\"column-2\">R$ 1.000,00<\/td>\n<\/tr>\n<tr class=\"row-10 even\">\n\t<td class=\"column-1\">In\u00edcio do fundo<\/td><td class=\"column-2\">03\/11\/2016<\/td>\n<\/tr>\n<tr class=\"row-11 odd\">\n\t<td class=\"column-1\">Escala de Risco - Solana<\/td><td class=\"column-2\">Arrojado<\/td>\n<\/tr>\n<tr class=\"row-12 even\">\n\t<td class=\"column-1\">Taxa de administra\u00e7\u00e3o<\/td><td class=\"column-2\">1,85% a.a. + 0,15% a.a. (master)<\/td>\n<\/tr>\n<tr class=\"row-13 odd\">\n\t<td class=\"column-1\">Cust\u00f3dia<\/td><td class=\"column-2\">Banco BTG Pactual S.A<\/td>\n<\/tr>\n<tr class=\"row-14 even\">\n\t<td class=\"column-1\">Auditor<\/td><td class=\"column-2\">Ernst Young<\/td>\n<\/tr>\n<tr class=\"row-15 odd\">\n\t<td class=\"column-1\">Site Administrador<\/td><td class=\"column-2\">www.btgpactual.com<\/td>\n<\/tr>\n<tr class=\"row-16 even\">\n\t<td class=\"column-1\">Administra\u00e7\u00e3o<\/td><td class=\"column-2\">BTG Pactual Servi\u00e7os Financeiros S.A. DTVM<\/td>\n<\/tr>\n<tr class=\"row-17 odd\">\n\t<td class=\"column-1\">Classifica\u00e7\u00e3o Anbima<\/td><td class=\"column-2\">Multimercado Long And Short<\/td>\n<\/tr>\n<\/tbody>\n<\/table>\n<!-- #tablepress-4 from cache -->\n<\/div><\/div>\n\n\n\n<div class=\"wp-block-uagb-container uagb-block-4f464bfb alignfull uagb-is-root-container\"><div class=\"uagb-container-inner-blocks-wrap\">\n<table id=\"tablepress-5\" class=\"tablepress tablepress-id-5\">\n<thead>\n<tr class=\"row-1 odd\">\n\t<th class=\"column-1\">Ano<\/th><th class=\"column-2\">Jan<\/th><th class=\"column-3\">Fev<\/th><th class=\"column-4\">Mar<\/th><th class=\"column-5\">Abr<\/th><th class=\"column-6\">Mai<\/th><th class=\"column-7\">Jun<\/th><th class=\"column-8\">Jul<\/th><th class=\"column-9\">Ago<\/th><th class=\"column-10\">Set<\/th><th class=\"column-11\">Out<\/th><th class=\"column-12\">Nov<\/th><th class=\"column-13\">Dez<\/th><th class=\"column-14\">Ano<\/th><th class=\"column-15\">Acum. Fundo<\/th>\n<\/tr>\n<\/thead>\n<tbody>\n<tr class=\"row-2 even\">\n\t<td class=\"column-1\"><\/td><td class=\"column-2\"><\/td><td class=\"column-3\"><\/td><td class=\"column-4\"><\/td><td class=\"column-5\"><\/td><td class=\"column-6\"><\/td><td class=\"column-7\"><\/td><td class=\"column-8\"><\/td><td class=\"column-9\"><\/td><td class=\"column-10\"><\/td><td class=\"column-11\"><\/td><td class=\"column-12\"><\/td><td class=\"column-13\"><\/td><td class=\"column-14\"><\/td><td class=\"column-15\"><\/td>\n<\/tr>\n<tr class=\"row-3 odd\">\n\t<td class=\"column-1\">2016<\/td><td class=\"column-2\"><\/td><td class=\"column-3\"><\/td><td class=\"column-4\"><\/td><td class=\"column-5\"><\/td><td class=\"column-6\"><\/td><td class=\"column-7\"><\/td><td class=\"column-8\"><\/td><td class=\"column-9\"><\/td><td class=\"column-10\"><\/td><td class=\"column-11\"><\/td><td class=\"column-12\">2,11%<\/td><td class=\"column-13\">4,41%<\/td><td class=\"column-14\">6,61%<\/td><td class=\"column-15\">6,61%<\/td>\n<\/tr>\n<tr class=\"row-4 even\">\n\t<td class=\"column-1\"><\/td><td class=\"column-2\"><\/td><td class=\"column-3\"><\/td><td class=\"column-4\"><\/td><td class=\"column-5\"><\/td><td class=\"column-6\"><\/td><td class=\"column-7\"><\/td><td class=\"column-8\"><\/td><td class=\"column-9\"><\/td><td class=\"column-10\"><\/td><td class=\"column-11\"><\/td><td class=\"column-12\"><\/td><td class=\"column-13\"><\/td><td class=\"column-14\"><\/td><td class=\"column-15\"><\/td>\n<\/tr>\n<tr class=\"row-5 odd\">\n\t<td class=\"column-1\">2017<\/td><td class=\"column-2\">5,77%<\/td><td class=\"column-3\">2,13%<\/td><td class=\"column-4\">0,17%<\/td><td class=\"column-5\">0,76%<\/td><td class=\"column-6\">-0,97%<\/td><td class=\"column-7\">3,28%<\/td><td class=\"column-8\">2,80%<\/td><td class=\"column-9\">1,92%<\/td><td class=\"column-10\">5,84%<\/td><td class=\"column-11\">0,39%<\/td><td class=\"column-12\">-3,56%<\/td><td class=\"column-13\">1,91%<\/td><td class=\"column-14\">21,99%<\/td><td class=\"column-15\">30,06%<\/td>\n<\/tr>\n<tr class=\"row-6 even\">\n\t<td class=\"column-1\"><\/td><td class=\"column-2\"><\/td><td class=\"column-3\"><\/td><td class=\"column-4\"><\/td><td class=\"column-5\"><\/td><td class=\"column-6\"><\/td><td class=\"column-7\"><\/td><td class=\"column-8\"><\/td><td class=\"column-9\"><\/td><td class=\"column-10\"><\/td><td class=\"column-11\"><\/td><td class=\"column-12\"><\/td><td class=\"column-13\"><\/td><td class=\"column-14\"><\/td><td class=\"column-15\"><\/td>\n<\/tr>\n<tr class=\"row-7 odd\">\n\t<td class=\"column-1\">2018<\/td><td class=\"column-2\">1,51%<\/td><td class=\"column-3\">2,93%<\/td><td class=\"column-4\">2,01%<\/td><td class=\"column-5\">3,57%<\/td><td class=\"column-6\">-0,05%<\/td><td class=\"column-7\">0,95%<\/td><td class=\"column-8\">1,80%<\/td><td class=\"column-9\">-0,60%<\/td><td class=\"column-10\">0,28%<\/td><td class=\"column-11\">-1,59%<\/td><td class=\"column-12\">-0,65%<\/td><td class=\"column-13\">2,65%<\/td><td class=\"column-14\">13,43%<\/td><td class=\"column-15\">47,53%<\/td>\n<\/tr>\n<tr class=\"row-8 even\">\n\t<td class=\"column-1\"><\/td><td class=\"column-2\"><\/td><td class=\"column-3\"><\/td><td class=\"column-4\"><\/td><td class=\"column-5\"><\/td><td class=\"column-6\"><\/td><td class=\"column-7\"><\/td><td class=\"column-8\"><\/td><td class=\"column-9\"><\/td><td class=\"column-10\"><\/td><td class=\"column-11\"><\/td><td class=\"column-12\"><\/td><td class=\"column-13\"><\/td><td class=\"column-14\"><\/td><td class=\"column-15\"><\/td>\n<\/tr>\n<tr class=\"row-9 odd\">\n\t<td class=\"column-1\">2019<\/td><td class=\"column-2\">1,46%<\/td><td class=\"column-3\">1,31%<\/td><td class=\"column-4\">-0,15%<\/td><td class=\"column-5\">-1,31%<\/td><td class=\"column-6\">3,44%<\/td><td class=\"column-7\">-0,16%<\/td><td class=\"column-8\">0,87%<\/td><td class=\"column-9\">3,82%<\/td><td class=\"column-10\">-0,87%<\/td><td class=\"column-11\">2,11%<\/td><td class=\"column-12\">1,38%<\/td><td class=\"column-13\">2,75%<\/td><td class=\"column-14\">15,49%<\/td><td class=\"column-15\">70,38%<\/td>\n<\/tr>\n<tr class=\"row-10 even\">\n\t<td class=\"column-1\"><\/td><td class=\"column-2\"><\/td><td class=\"column-3\"><\/td><td class=\"column-4\"><\/td><td class=\"column-5\"><\/td><td class=\"column-6\"><\/td><td class=\"column-7\"><\/td><td class=\"column-8\"><\/td><td class=\"column-9\"><\/td><td class=\"column-10\"><\/td><td class=\"column-11\"><\/td><td class=\"column-12\"><\/td><td class=\"column-13\"><\/td><td class=\"column-14\"><\/td><td class=\"column-15\"><\/td>\n<\/tr>\n<tr class=\"row-11 odd\">\n\t<td class=\"column-1\">2020<\/td><td class=\"column-2\">2,33%<\/td><td class=\"column-3\">0,37%<\/td><td class=\"column-4\">-8,62%<\/td><td class=\"column-5\">4,63%<\/td><td class=\"column-6\">0,81%<\/td><td class=\"column-7\">2,94%<\/td><td class=\"column-8\">2,04%<\/td><td class=\"column-9\">2,96%<\/td><td class=\"column-10\">-2,73%<\/td><td class=\"column-11\">-1,37%<\/td><td class=\"column-12\">1,54%<\/td><td class=\"column-13\">3,80%<\/td><td class=\"column-14\">8,26%<\/td><td class=\"column-15\">84,45%<\/td>\n<\/tr>\n<tr class=\"row-12 even\">\n\t<td class=\"column-1\"><\/td><td class=\"column-2\"><\/td><td class=\"column-3\"><\/td><td class=\"column-4\"><\/td><td class=\"column-5\"><\/td><td class=\"column-6\"><\/td><td class=\"column-7\"><\/td><td class=\"column-8\"><\/td><td class=\"column-9\"><\/td><td class=\"column-10\"><\/td><td class=\"column-11\"><\/td><td class=\"column-12\"><\/td><td class=\"column-13\"><\/td><td class=\"column-14\"><\/td><td class=\"column-15\"><\/td>\n<\/tr>\n<tr class=\"row-13 odd\">\n\t<td class=\"column-1\">2021<\/td><td class=\"column-2\">-1,10%<\/td><td class=\"column-3\">3,90%<\/td><td class=\"column-4\">0,20%<\/td><td class=\"column-5\">5,30%<\/td><td class=\"column-6\">1,50%<\/td><td class=\"column-7\">2,80%<\/td><td class=\"column-8\">-2,00%<\/td><td class=\"column-9\">1,30%<\/td><td class=\"column-10\">0,50%<\/td><td class=\"column-11\">-6,50%<\/td><td class=\"column-12\">-1,30%<\/td><td class=\"column-13\">6,10%<\/td><td class=\"column-14\">10,40%<\/td><td class=\"column-15\">103,60%<\/td>\n<\/tr>\n<tr class=\"row-14 even\">\n\t<td class=\"column-1\"><\/td><td class=\"column-2\"><\/td><td class=\"column-3\"><\/td><td class=\"column-4\"><\/td><td class=\"column-5\"><\/td><td class=\"column-6\"><\/td><td class=\"column-7\"><\/td><td class=\"column-8\"><\/td><td class=\"column-9\"><\/td><td class=\"column-10\"><\/td><td class=\"column-11\"><\/td><td class=\"column-12\"><\/td><td class=\"column-13\"><\/td><td class=\"column-14\"><\/td><td class=\"column-15\"><\/td>\n<\/tr>\n<tr class=\"row-15 odd\">\n\t<td class=\"column-1\">2022<\/td><td class=\"column-2\">-1,08%<\/td><td class=\"column-3\">-0,81%<\/td><td class=\"column-4\">0,46%<\/td><td class=\"column-5\">2,58%<\/td><td class=\"column-6\">-0,67%<\/td><td class=\"column-7\">-0,67%<\/td><td class=\"column-8\">1,44%<\/td><td class=\"column-9\">9,77%<\/td><td class=\"column-10\">3,67%<\/td><td class=\"column-11\">2,61%<\/td><td class=\"column-12\">-6,05%<\/td><td class=\"column-13\">1,71%<\/td><td class=\"column-14\">12,92%<\/td><td class=\"column-15\">129,96%<\/td>\n<\/tr>\n<tr class=\"row-16 even\">\n\t<td class=\"column-1\"><\/td><td class=\"column-2\"><\/td><td class=\"column-3\"><\/td><td class=\"column-4\"><\/td><td class=\"column-5\"><\/td><td class=\"column-6\"><\/td><td class=\"column-7\"><\/td><td class=\"column-8\"><\/td><td class=\"column-9\"><\/td><td class=\"column-10\"><\/td><td class=\"column-11\"><\/td><td class=\"column-12\"><\/td><td class=\"column-13\"><\/td><td class=\"column-14\"><\/td><td class=\"column-15\"><\/td>\n<\/tr>\n<tr class=\"row-17 odd\">\n\t<td class=\"column-1\">2023<\/td><td class=\"column-2\">0.14%<\/td><td class=\"column-3\">-2.46%<\/td><td class=\"column-4\">-1.44%<\/td><td class=\"column-5\">-1.07%<\/td><td class=\"column-6\">3.81%<\/td><td class=\"column-7\">-0.27%<\/td><td class=\"column-8\">2.84%<\/td><td class=\"column-9\">-0.65%<\/td><td class=\"column-10\">-0.52%<\/td><td class=\"column-11\">-0.52%<\/td><td class=\"column-12\">4.17%<\/td><td class=\"column-13\">2.34%<\/td><td class=\"column-14\">6.29%<\/td><td class=\"column-15\">144.43%<\/td>\n<\/tr>\n<tr class=\"row-18 even\">\n\t<td class=\"column-1\"><\/td><td class=\"column-2\"><\/td><td class=\"column-3\"><\/td><td class=\"column-4\"><\/td><td class=\"column-5\"><\/td><td class=\"column-6\"><\/td><td class=\"column-7\"><\/td><td class=\"column-8\"><\/td><td class=\"column-9\"><\/td><td class=\"column-10\"><\/td><td class=\"column-11\"><\/td><td class=\"column-12\"><\/td><td class=\"column-13\"><\/td><td class=\"column-14\"><\/td><td class=\"column-15\"><\/td>\n<\/tr>\n<tr class=\"row-19 odd\">\n\t<td class=\"column-1\">2024<\/td><td class=\"column-2\">-1.22%<\/td><td class=\"column-3\">-0.59%<\/td><td class=\"column-4\">-0.51%<\/td><td class=\"column-5\">-2.34%<\/td><td class=\"column-6\">-3.52%<\/td><td class=\"column-7\">-0.08%<\/td><td class=\"column-8\">0.83%<\/td><td class=\"column-9\">-0.06%<\/td><td class=\"column-10\">0.85%<\/td><td class=\"column-11\">-0.36%<\/td><td class=\"column-12\">-0.93%<\/td><td class=\"column-13\">-1.12%<\/td><td class=\"column-14\">-8.76%<\/td><td class=\"column-15\">123.03%<\/td>\n<\/tr>\n<tr class=\"row-20 even\">\n\t<td class=\"column-1\"><\/td><td class=\"column-2\"><\/td><td class=\"column-3\"><\/td><td class=\"column-4\"><\/td><td class=\"column-5\"><\/td><td class=\"column-6\"><\/td><td class=\"column-7\"><\/td><td class=\"column-8\"><\/td><td class=\"column-9\"><\/td><td class=\"column-10\"><\/td><td class=\"column-11\"><\/td><td class=\"column-12\"><\/td><td class=\"column-13\"><\/td><td class=\"column-14\"><\/td><td class=\"column-15\"><\/td>\n<\/tr>\n<tr class=\"row-21 odd\">\n\t<td class=\"column-1\">2025<\/td><td class=\"column-2\">0.08%<\/td><td class=\"column-3\">-0.08%<\/td><td class=\"column-4\">0.97%<\/td><td class=\"column-5\">2.37%<\/td><td class=\"column-6\">5.38%<\/td><td class=\"column-7\">2.07%<\/td><td class=\"column-8\">-1.27%<\/td><td class=\"column-9\">2.93%<\/td><td class=\"column-10\">5.81%<\/td><td class=\"column-11\">2.87%<\/td><td class=\"column-12\">5.32%<\/td><td class=\"column-13\">3.02%<\/td><td class=\"column-14\">33.42%<\/td><td class=\"column-15\">197.56%<\/td>\n<\/tr>\n<tr class=\"row-22 even\">\n\t<td class=\"column-1\"><\/td><td class=\"column-2\"><\/td><td class=\"column-3\"><\/td><td class=\"column-4\"><\/td><td class=\"column-5\"><\/td><td class=\"column-6\"><\/td><td class=\"column-7\"><\/td><td class=\"column-8\"><\/td><td class=\"column-9\"><\/td><td class=\"column-10\"><\/td><td class=\"column-11\"><\/td><td class=\"column-12\"><\/td><td class=\"column-13\"><\/td><td class=\"column-14\"><\/td><td class=\"column-15\"><\/td>\n<\/tr>\n<tr class=\"row-23 odd\">\n\t<td class=\"column-1\">2026<\/td><td class=\"column-2\">6.81%<\/td><td class=\"column-3\">1.07%<\/td><td class=\"column-4\">1.29%<\/td><td class=\"column-5\"><\/td><td class=\"column-6\"><\/td><td class=\"column-7\"><\/td><td class=\"column-8\"><\/td><td class=\"column-9\"><\/td><td class=\"column-10\"><\/td><td class=\"column-11\"><\/td><td class=\"column-12\"><\/td><td class=\"column-13\"><\/td><td class=\"column-14\">9.35%<\/td><td class=\"column-15\">225.38%<\/td>\n<\/tr>\n<\/tbody>\n<\/table>\n<!-- #tablepress-5 from cache -->\n<\/div><\/div>\n\n\n\n<div class=\"wp-block-uagb-container uagb-block-ee0a4d5a alignfull uagb-is-root-container\"><div class=\"uagb-container-inner-blocks-wrap\"><\/div><\/div>\n\n\n\n<div class=\"wp-block-uagb-container uagb-block-89f46640 alignfull uagb-is-root-container\"><div class=\"uagb-container-inner-blocks-wrap\">\n<h2 class=\"wp-block-heading has-text-align-center\" style=\"font-size:28px;font-style:normal;font-weight:500\">DOCUMENTOS<\/h2>\n\n\n\n<figure class=\"wp-block-image aligncenter size-full\"><img loading=\"lazy\" decoding=\"async\" width=\"143\" height=\"34\" src=\"https:\/\/solanacapital.com.br\/wp-content\/uploads\/2023\/11\/detalhe-logo-2.jpg\" alt=\"\" class=\"wp-image-1259\"\/><\/figure>\n\n\n\n<section class=\"wp-block-uagb-section uagb-section__wrap uagb-section__background-none uagb-block-7fbc870a\"><div class=\"uagb-section__overlay\"><\/div><div class=\"uagb-section__inner-wrap\">\n<h2 class=\"wp-block-heading has-text-align-center has-ast-global-color-6-color has-text-color has-link-color wp-elements-f2e4b9caa747d69cd96e34cb12dcbd51\" style=\"font-size:15px\"><a href=\"https:\/\/solanacapital.com.br\/wp-content\/uploads\/2023\/12\/PoliticadeVoto-1.pdf\" target=\"_blank\" rel=\"noreferrer noopener\">Pol\u00edtica de Voto<\/a><\/h2>\n\n\n\n<h2 class=\"wp-block-heading has-text-align-center has-ast-global-color-6-color has-text-color has-link-color wp-elements-9856ed1474768804028ba0ac565d1b34\" style=\"font-size:15px\"><a href=\"https:\/\/solanacapital.com.br\/wp-content\/uploads\/2023\/12\/Regulamento-Solana-Equity-Hedge-FIC-FIM-01.12.2021-VF.pdf\" target=\"_blank\" rel=\"noreferrer noopener\">Regulamento<\/a><\/h2>\n\n\n\n<h2 class=\"wp-block-heading has-text-align-center has-ast-global-color-6-color has-text-color has-link-color wp-elements-b5568d18416d0cd54714bd17a299a12f\" style=\"font-size:15px\"><a href=\"https:\/\/solanacapital.com.br\/wp-content\/uploads\/2026\/04\/Solana-Equity-Hedge-FIC-FIM-Marco-2026.pdf\" target=\"_blank\" rel=\"noreferrer noopener\">Material de Divulga\u00e7\u00e3o<\/a><\/h2>\n<\/div><\/section>\n<\/div><\/div>\n","protected":false},"excerpt":{"rendered":"<p>SOLANA EQUITY HEDGE FIC FIM SOLANA EQUITY HEDGE FIC FIM Objetivo Objetivo O objetivo do FUNDO \u00e9, por meio de aplica\u00e7\u00e3o em cotas do SOLANA EQUITY HEDGE FUNDO DE INVESTIMENTO MULTIMERCADO, (\u201cFundo Master\u201d), proporcionar retornos superiores ao seu benchmark no longo prazo. O Fundo Master predominantemente faz estrat\u00e9gias compradas e vendidas em ativos ligados ao &hellip;<\/p>\n<p class=\"read-more\"> <a class=\"\" href=\"https:\/\/solanacapital.com.br\/?page_id=1303\"> <span class=\"screen-reader-text\">SOLANA EQUITY HEDGE FIC FIM<\/span> Leia mais &raquo;<\/a><\/p>\n","protected":false},"author":1,"featured_media":0,"parent":0,"menu_order":0,"comment_status":"closed","ping_status":"closed","template":"","meta":{"_uag_custom_page_level_css":"","site-sidebar-layout":"no-sidebar","site-content-layout":"page-builder","ast-site-content-layout":"full-width-container","site-content-style":"unboxed","site-sidebar-style":"unboxed","ast-global-header-display":"","ast-banner-title-visibility":"","ast-main-header-display":"","ast-hfb-above-header-display":"","ast-hfb-below-header-display":"","ast-hfb-mobile-header-display":"","site-post-title":"disabled","ast-breadcrumbs-content":"","ast-featured-img":"disabled","footer-sml-layout":"","theme-transparent-header-meta":"","adv-header-id-meta":"","stick-header-meta":"","header-above-stick-meta":"","header-main-stick-meta":"","header-below-stick-meta":"","astra-migrate-meta-layouts":"set","ast-page-background-enabled":"default","ast-page-background-meta":{"desktop":{"background-color":"var(--ast-global-color-4)","background-image":"","background-repeat":"repeat","background-position":"center center","background-size":"auto","background-attachment":"scroll","background-type":"","background-media":"","overlay-type":"","overlay-color":"","overlay-gradient":""},"tablet":{"background-color":"","background-image":"","background-repeat":"repeat","background-position":"center center","background-size":"auto","background-attachment":"scroll","background-type":"","background-media":"","overlay-type":"","overlay-color":"","overlay-gradient":""},"mobile":{"background-color":"","background-image":"","background-repeat":"repeat","background-position":"center center","background-size":"auto","background-attachment":"scroll","background-type":"","background-media":"","overlay-type":"","overlay-color":"","overlay-gradient":""}},"ast-content-background-meta":{"desktop":{"background-color":"var(--ast-global-color-5)","background-image":"","background-repeat":"repeat","background-position":"center center","background-size":"auto","background-attachment":"scroll","background-type":"","background-media":"","overlay-type":"","overlay-color":"","overlay-gradient":""},"tablet":{"background-color":"var(--ast-global-color-5)","background-image":"","background-repeat":"repeat","background-position":"center center","background-size":"auto","background-attachment":"scroll","background-type":"","background-media":"","overlay-type":"","overlay-color":"","overlay-gradient":""},"mobile":{"background-color":"var(--ast-global-color-5)","background-image":"","background-repeat":"repeat","background-position":"center center","background-size":"auto","background-attachment":"scroll","background-type":"","background-media":"","overlay-type":"","overlay-color":"","overlay-gradient":""}},"footnotes":""},"uagb_featured_image_src":{"full":false,"thumbnail":false,"medium":false,"medium_large":false,"large":false,"1536x1536":false,"2048x2048":false},"uagb_author_info":{"display_name":"vossrobertt@gmail.com","author_link":"https:\/\/solanacapital.com.br\/?author=1"},"uagb_comment_info":0,"uagb_excerpt":"SOLANA EQUITY HEDGE FIC FIM SOLANA EQUITY HEDGE FIC FIM Objetivo Objetivo O objetivo do FUNDO \u00e9, por meio de aplica\u00e7\u00e3o em cotas do SOLANA EQUITY HEDGE FUNDO DE INVESTIMENTO MULTIMERCADO, (\u201cFundo Master\u201d), proporcionar retornos superiores ao seu benchmark no longo prazo. O Fundo Master predominantemente faz estrat\u00e9gias compradas e vendidas em ativos ligados ao&hellip;","_links":{"self":[{"href":"https:\/\/solanacapital.com.br\/index.php?rest_route=\/wp\/v2\/pages\/1303"}],"collection":[{"href":"https:\/\/solanacapital.com.br\/index.php?rest_route=\/wp\/v2\/pages"}],"about":[{"href":"https:\/\/solanacapital.com.br\/index.php?rest_route=\/wp\/v2\/types\/page"}],"author":[{"embeddable":true,"href":"https:\/\/solanacapital.com.br\/index.php?rest_route=\/wp\/v2\/users\/1"}],"replies":[{"embeddable":true,"href":"https:\/\/solanacapital.com.br\/index.php?rest_route=%2Fwp%2Fv2%2Fcomments&post=1303"}],"version-history":[{"count":47,"href":"https:\/\/solanacapital.com.br\/index.php?rest_route=\/wp\/v2\/pages\/1303\/revisions"}],"predecessor-version":[{"id":2937,"href":"https:\/\/solanacapital.com.br\/index.php?rest_route=\/wp\/v2\/pages\/1303\/revisions\/2937"}],"wp:attachment":[{"href":"https:\/\/solanacapital.com.br\/index.php?rest_route=%2Fwp%2Fv2%2Fmedia&parent=1303"}],"curies":[{"name":"wp","href":"https:\/\/api.w.org\/{rel}","templated":true}]}}