{"id":1214,"date":"2023-11-30T11:53:58","date_gmt":"2023-11-30T14:53:58","guid":{"rendered":"https:\/\/solanacapital.com.br\/?page_id=1214"},"modified":"2026-05-04T10:50:15","modified_gmt":"2026-05-04T13:50:15","slug":"solana-acoes-fic-de-fia","status":"publish","type":"page","link":"https:\/\/solanacapital.com.br\/?page_id=1214","title":{"rendered":"SOLANA A\u00c7\u00d5ES FIC DE FIA"},"content":{"rendered":"\n<div class=\"wp-block-uagb-container uagb-block-44b414af alignfull uagb-is-root-container\"><div class=\"uagb-container-inner-blocks-wrap\">\n<h2 class=\"wp-block-heading has-text-align-center has-large-font-size uag-hide-tab uag-hide-mob\" style=\"font-style:normal;font-weight:600\">SOLANA A\u00c7\u00d5ES FIC DE FIA<\/h2>\n\n\n\n<h2 class=\"wp-block-heading has-text-align-center uag-hide-desktop\" style=\"font-size:16px;font-style:normal;font-weight:600\">SOLANA A\u00c7\u00d5ES FIC DE FIA<\/h2>\n\n\n\n<figure class=\"wp-block-image aligncenter size-full\"><img loading=\"lazy\" decoding=\"async\" width=\"143\" height=\"34\" src=\"https:\/\/solanacapital.com.br\/wp-content\/uploads\/2023\/11\/detalhe-logo-2.jpg\" alt=\"\" class=\"wp-image-1259\"\/><\/figure>\n\n\n\n<div class=\"wp-block-uagb-container uagb-block-2621b2d0\">\n<h2 class=\"wp-block-heading has-text-align-left has-medium-font-size uag-hide-tab uag-hide-mob\"><strong>Objetivo<\/strong><\/h2>\n\n\n\n<h2 class=\"wp-block-heading has-text-align-left uag-hide-desktop\" style=\"font-size:16px\"><strong>Objetivo<\/strong><\/h2>\n\n\n\n<p>O objetivo do fundo \u00e9 buscar retornos superiores ao Ibovespa no m\u00e9dio e longo prazos, atrav\u00e9s de uma estrat\u00e9gia de exposi\u00e7\u00e3o predominantemente setorial.&nbsp;<\/p>\n<\/div>\n\n\n\n<div class=\"wp-block-uagb-container uagb-block-e48abc41\">\n<h2 class=\"wp-block-heading has-text-align-left has-medium-font-size uag-hide-tab uag-hide-mob\"><strong>Pol\u00edticas de Investimentos&nbsp;<\/strong><\/h2>\n\n\n\n<h2 class=\"wp-block-heading has-text-align-left uag-hide-desktop\" style=\"font-size:16px\"><strong>Pol\u00edticas de Investimentos&nbsp;<\/strong><\/h2>\n\n\n\n<p>O fundo investir\u00e1 atrav\u00e9s do fundo master \u00b9 em a\u00e7\u00f5es (a\u00e7\u00f5es, b\u00f4nus ou recibos de subscri\u00e7\u00e3o, cotas de fundos de a\u00e7\u00f5es, e BDRs classificados como n\u00edvel II e III) cuja representatividade ser\u00e1 de, no m\u00ednimo, 67% (sessenta e sete por cento) de sua carteira.<\/p>\n<\/div>\n\n\n\n<div class=\"wp-block-uagb-container uagb-block-511c1c94 alignfull uagb-is-root-container\"><div class=\"uagb-container-inner-blocks-wrap\">\n<h2 class=\"wp-block-heading has-text-align-center\" style=\"font-size:24px;font-style:normal;font-weight:700\">CARACTER\u00cdSTICAS<\/h2>\n\n\n\n<figure class=\"wp-block-image aligncenter size-full\"><img loading=\"lazy\" decoding=\"async\" width=\"143\" height=\"34\" src=\"https:\/\/solanacapital.com.br\/wp-content\/uploads\/2023\/11\/detalhe-logo-2.jpg\" alt=\"\" class=\"wp-image-1259\"\/><\/figure>\n<\/div><\/div>\n<\/div><\/div>\n\n\n\n<div class=\"wp-block-uagb-container uagb-block-3db65a84 alignfull uagb-is-root-container\"><div class=\"uagb-container-inner-blocks-wrap\">\n<table id=\"tablepress-2\" class=\"tablepress tablepress-id-2\">\n<tbody class=\"row-hover\">\n<tr class=\"row-1 odd\">\n\t<td class=\"column-1\">Classifica\u00e7\u00e3o Anbima<\/td><td class=\"column-2\">A\u00e7\u00f5es Livre<\/td>\n<\/tr>\n<tr class=\"row-2 even\">\n\t<td class=\"column-1\">In\u00edcio do fundo<\/td><td class=\"column-2\">26 de agosto de 2020<\/td>\n<\/tr>\n<tr class=\"row-3 odd\">\n\t<td class=\"column-1\">Taxa de administra\u00e7\u00e3o<\/td><td class=\"column-2\">1,85% a.a. + 0,15% a.a. (master)<\/td>\n<\/tr>\n<tr class=\"row-4 even\">\n\t<td class=\"column-1\">Taxa de performance<\/td><td class=\"column-2\">20% do que exceder o Ibovespa<\/td>\n<\/tr>\n<tr class=\"row-5 odd\">\n\t<td class=\"column-1\">Aplica\u00e7\u00e3o m\u00ednima inicial<\/td><td class=\"column-2\">R$ 10.000,00<\/td>\n<\/tr>\n<tr class=\"row-6 even\">\n\t<td class=\"column-1\">Valor m\u00ednimo de movimenta\u00e7\u00e3o<\/td><td class=\"column-2\">R$ 5.000,00<\/td>\n<\/tr>\n<tr class=\"row-7 odd\">\n\t<td class=\"column-1\">Saldo m\u00ednimo de perman\u00eancia<\/td><td class=\"column-2\">R$ 10.000,00<\/td>\n<\/tr>\n<tr class=\"row-8 even\">\n\t<td class=\"column-1\">Aplica\u00e7\u00e3o<\/td><td class=\"column-2\">D+0 (fechamento)<\/td>\n<\/tr>\n<tr class=\"row-9 odd\">\n\t<td class=\"column-1\">Resgate<\/td><td class=\"column-2\">D+30 (cotiza\u00e7\u00e3o); liquida\u00e7\u00e3o financeira no 2\u00ba dia \u00fatil subsequente \u00e0 convers\u00e3o de cotas<\/td>\n<\/tr>\n<tr class=\"row-10 even\">\n\t<td class=\"column-1\">Taxa de Antecipa\u00e7\u00e3o de Resgate<\/td><td class=\"column-2\">10% sobre o montante resgatado (vide regra de cotiza\u00e7\u00e3o e liquida\u00e7\u00e3o no regulamento)<\/td>\n<\/tr>\n<tr class=\"row-11 odd\">\n\t<td class=\"column-1\">Hor\u00e1rio de Movimenta\u00e7\u00e3o<\/td><td class=\"column-2\">At\u00e9 15:30 (hor\u00e1rio de Brasilia)<\/td>\n<\/tr>\n<tr class=\"row-12 even\">\n\t<td class=\"column-1\">P\u00fablico alvo<\/td><td class=\"column-2\">P\u00fablico Geral<\/td>\n<\/tr>\n<tr class=\"row-13 odd\">\n\t<td class=\"column-1\">Tributa\u00e7\u00e3o<\/td><td class=\"column-2\">A\u00e7\u00f5es - 15% sobre rendimento<\/td>\n<\/tr>\n<tr class=\"row-14 even\">\n\t<td class=\"column-1\">Gestor<\/td><td class=\"column-2\">Solana Gestora de Recursos Ltda.<\/td>\n<\/tr>\n<tr class=\"row-15 odd\">\n\t<td class=\"column-1\">Escala de Risco - Solana<\/td><td class=\"column-2\">Moderado<\/td>\n<\/tr>\n<tr class=\"row-16 even\">\n\t<td class=\"column-1\">Administrador<\/td><td class=\"column-2\">BTG Pactual Servi\u00e7os Financeiros S.A. DTVM<\/td>\n<\/tr>\n<tr class=\"row-17 odd\">\n\t<td class=\"column-1\">Cust\u00f3dia<\/td><td class=\"column-2\">Banco BTG Pactual S.A<\/td>\n<\/tr>\n<tr class=\"row-18 even\">\n\t<td class=\"column-1\">Auditor<\/td><td class=\"column-2\">Ernst Young<\/td>\n<\/tr>\n<tr class=\"row-19 odd\">\n\t<td class=\"column-1\">Site Administrador<\/td><td class=\"column-2\">www.btgpactual.com<\/td>\n<\/tr>\n<\/tbody>\n<\/table>\n<!-- #tablepress-2 from cache -->\n<\/div><\/div>\n\n\n\n<div class=\"wp-block-uagb-container uagb-block-4f464bfb alignfull uagb-is-root-container\"><div class=\"uagb-container-inner-blocks-wrap\">\n<table id=\"tablepress-3\" class=\"tablepress tablepress-id-3\">\n<thead>\n<tr class=\"row-1 odd\">\n\t<th class=\"column-1\">Ano<\/th><th class=\"column-2\">Jan<\/th><th class=\"column-3\">Fev<\/th><th class=\"column-4\">Mar<\/th><th class=\"column-5\">Abr<\/th><th class=\"column-6\">Mai<\/th><th class=\"column-7\">Jun<\/th><th class=\"column-8\">Jul<\/th><th class=\"column-9\">Ago<\/th><th class=\"column-10\">Set<\/th><th class=\"column-11\">Out<\/th><th class=\"column-12\">Nov<\/th><th class=\"column-13\">Dez<\/th><th class=\"column-14\">Ano<\/th><th class=\"column-15\">Acum. Fundo<\/th>\n<\/tr>\n<\/thead>\n<tbody>\n<tr class=\"row-2 even\">\n\t<td class=\"column-1\"><\/td><td class=\"column-2\"><\/td><td class=\"column-3\"><\/td><td class=\"column-4\"><\/td><td class=\"column-5\"><\/td><td class=\"column-6\"><\/td><td class=\"column-7\"><\/td><td class=\"column-8\"><\/td><td class=\"column-9\"><\/td><td class=\"column-10\"><\/td><td class=\"column-11\"><\/td><td class=\"column-12\"><\/td><td class=\"column-13\"><\/td><td class=\"column-14\"><\/td><td class=\"column-15\"><\/td>\n<\/tr>\n<tr class=\"row-3 odd\">\n\t<td class=\"column-1\">2020<\/td><td class=\"column-2\"><\/td><td class=\"column-3\"><\/td><td class=\"column-4\"><\/td><td class=\"column-5\"><\/td><td class=\"column-6\"><\/td><td class=\"column-7\"><\/td><td class=\"column-8\"><\/td><td class=\"column-9\">-1.5%<\/td><td class=\"column-10\">-5.2%<\/td><td class=\"column-11\">-3.3%<\/td><td class=\"column-12\">16.2%<\/td><td class=\"column-13\">9.0%<\/td><td class=\"column-14\">14.3%<\/td><td class=\"column-15\">14.3%<\/td>\n<\/tr>\n<tr class=\"row-4 even\">\n\t<td class=\"column-1\"><\/td><td class=\"column-2\"><\/td><td class=\"column-3\"><\/td><td class=\"column-4\"><\/td><td class=\"column-5\"><\/td><td class=\"column-6\"><\/td><td class=\"column-7\"><\/td><td class=\"column-8\"><\/td><td class=\"column-9\"><\/td><td class=\"column-10\"><\/td><td class=\"column-11\"><\/td><td class=\"column-12\"><\/td><td class=\"column-13\"><\/td><td class=\"column-14\"><\/td><td class=\"column-15\"><\/td>\n<\/tr>\n<tr class=\"row-5 odd\">\n\t<td class=\"column-1\">2021<\/td><td class=\"column-2\">-0,04%<\/td><td class=\"column-3\">1,83%<\/td><td class=\"column-4\">4,29%<\/td><td class=\"column-5\">6,67%<\/td><td class=\"column-6\">2,50%<\/td><td class=\"column-7\">3,25%<\/td><td class=\"column-8\">-5,06%<\/td><td class=\"column-9\">-1,54%<\/td><td class=\"column-10\">-1,68%<\/td><td class=\"column-11\">-7,80%<\/td><td class=\"column-12\">-1,90%<\/td><td class=\"column-13\">6,70%<\/td><td class=\"column-14\">6,30%<\/td><td class=\"column-15\">21,60%<\/td>\n<\/tr>\n<tr class=\"row-6 even\">\n\t<td class=\"column-1\"><\/td><td class=\"column-2\"><\/td><td class=\"column-3\"><\/td><td class=\"column-4\"><\/td><td class=\"column-5\"><\/td><td class=\"column-6\"><\/td><td class=\"column-7\"><\/td><td class=\"column-8\"><\/td><td class=\"column-9\"><\/td><td class=\"column-10\"><\/td><td class=\"column-11\"><\/td><td class=\"column-12\"><\/td><td class=\"column-13\"><\/td><td class=\"column-14\"><\/td><td class=\"column-15\"><\/td>\n<\/tr>\n<tr class=\"row-7 odd\">\n\t<td class=\"column-1\">2022<\/td><td class=\"column-2\">6,65%<\/td><td class=\"column-3\">-4,26%<\/td><td class=\"column-4\">3,79%<\/td><td class=\"column-5\">-10,31%<\/td><td class=\"column-6\">-2,03%<\/td><td class=\"column-7\">-10,73%<\/td><td class=\"column-8\">6,27%<\/td><td class=\"column-9\">9,37<\/td><td class=\"column-10\">0,76%<\/td><td class=\"column-11\">5,88%<\/td><td class=\"column-12\">-14,03%<\/td><td class=\"column-13\">-4,23%<\/td><td class=\"column-14\">-15,13%<\/td><td class=\"column-15\">3,21%<\/td>\n<\/tr>\n<tr class=\"row-8 even\">\n\t<td class=\"column-1\"><\/td><td class=\"column-2\"><\/td><td class=\"column-3\"><\/td><td class=\"column-4\"><\/td><td class=\"column-5\"><\/td><td class=\"column-6\"><\/td><td class=\"column-7\"><\/td><td class=\"column-8\"><\/td><td class=\"column-9\"><\/td><td class=\"column-10\"><\/td><td class=\"column-11\"><\/td><td class=\"column-12\"><\/td><td class=\"column-13\"><\/td><td class=\"column-14\"><\/td><td class=\"column-15\"><\/td>\n<\/tr>\n<tr class=\"row-9 odd\">\n\t<td class=\"column-1\">2023<\/td><td class=\"column-2\">6.81%<\/td><td class=\"column-3\">-9.11%<\/td><td class=\"column-4\">-1.21%<\/td><td class=\"column-5\">3.19%<\/td><td class=\"column-6\">9.65%<\/td><td class=\"column-7\">7.15%<\/td><td class=\"column-8\">5.63%<\/td><td class=\"column-9\">-1.06%<\/td><td class=\"column-10\">0.62%<\/td><td class=\"column-11\">-6.72%<\/td><td class=\"column-12\">9.25%<\/td><td class=\"column-13\">7.29%<\/td><td class=\"column-14\">33.69%<\/td><td class=\"column-15\">37.97%<\/td>\n<\/tr>\n<tr class=\"row-10 even\">\n\t<td class=\"column-1\"><\/td><td class=\"column-2\"><\/td><td class=\"column-3\"><\/td><td class=\"column-4\"><\/td><td class=\"column-5\"><\/td><td class=\"column-6\"><\/td><td class=\"column-7\"><\/td><td class=\"column-8\"><\/td><td class=\"column-9\"><\/td><td class=\"column-10\"><\/td><td class=\"column-11\"><\/td><td class=\"column-12\"><\/td><td class=\"column-13\"><\/td><td class=\"column-14\"><\/td><td class=\"column-15\"><\/td>\n<\/tr>\n<tr class=\"row-11 odd\">\n\t<td class=\"column-1\">2024<\/td><td class=\"column-2\">-7.99%<\/td><td class=\"column-3\">1.03%<\/td><td class=\"column-4\">1.54%<\/td><td class=\"column-5\">-7.32%<\/td><td class=\"column-6\">-1.40%<\/td><td class=\"column-7\">0.51%<\/td><td class=\"column-8\">0.04%<\/td><td class=\"column-9\">1.31%<\/td><td class=\"column-10\">-4.52%<\/td><td class=\"column-11\">-0.46%<\/td><td class=\"column-12\">3.58%<\/td><td class=\"column-13\">-2.12%<\/td><td class=\"column-14\">-15.33%<\/td><td class=\"column-15\">16.82%<\/td>\n<\/tr>\n<tr class=\"row-12 even\">\n\t<td class=\"column-1\"><\/td><td class=\"column-2\"><\/td><td class=\"column-3\"><\/td><td class=\"column-4\"><\/td><td class=\"column-5\"><\/td><td class=\"column-6\"><\/td><td class=\"column-7\"><\/td><td class=\"column-8\"><\/td><td class=\"column-9\"><\/td><td class=\"column-10\"><\/td><td class=\"column-11\"><\/td><td class=\"column-12\"><\/td><td class=\"column-13\"><\/td><td class=\"column-14\"><\/td><td class=\"column-15\"><\/td>\n<\/tr>\n<tr class=\"row-13 odd\">\n\t<td class=\"column-1\">2025<\/td><td class=\"column-2\">0.96%<\/td><td class=\"column-3\">-10.23%<\/td><td class=\"column-4\">0.12%<\/td><td class=\"column-5\">4.84%<\/td><td class=\"column-6\">3.72%<\/td><td class=\"column-7\">2.24%<\/td><td class=\"column-8\">-7.39%<\/td><td class=\"column-9\">5.53%<\/td><td class=\"column-10\">5.26%<\/td><td class=\"column-11\">3.20%<\/td><td class=\"column-12\">8.47%<\/td><td class=\"column-13\">-0.18%<\/td><td class=\"column-14\">15.95%<\/td><td class=\"column-15\">35.45%<\/td>\n<\/tr>\n<tr class=\"row-14 even\">\n\t<td class=\"column-1\"><\/td><td class=\"column-2\"><\/td><td class=\"column-3\"><\/td><td class=\"column-4\"><\/td><td class=\"column-5\"><\/td><td class=\"column-6\"><\/td><td class=\"column-7\"><\/td><td class=\"column-8\"><\/td><td class=\"column-9\"><\/td><td class=\"column-10\"><\/td><td class=\"column-11\"><\/td><td class=\"column-12\"><\/td><td class=\"column-13\"><\/td><td class=\"column-14\"><\/td><td class=\"column-15\"><\/td>\n<\/tr>\n<tr class=\"row-15 odd\">\n\t<td class=\"column-1\">2026<\/td><td class=\"column-2\">11.48%<\/td><td class=\"column-3\">4.66%<\/td><td class=\"column-4\">-7.17%<\/td><td class=\"column-5\">-2.86%<\/td><td class=\"column-6\"><\/td><td class=\"column-7\"><\/td><td class=\"column-8\"><\/td><td class=\"column-9\"><\/td><td class=\"column-10\"><\/td><td class=\"column-11\"><\/td><td class=\"column-12\"><\/td><td class=\"column-13\"><\/td><td class=\"column-14\">5.21%<\/td><td class=\"column-15\">42.50%<\/td>\n<\/tr>\n<\/tbody>\n<\/table>\n<!-- #tablepress-3 from cache -->\n<\/div><\/div>\n\n\n\n<div class=\"wp-block-uagb-container uagb-block-ee0a4d5a alignfull uagb-is-root-container\"><div class=\"uagb-container-inner-blocks-wrap\"><\/div><\/div>\n\n\n\n<div class=\"wp-block-uagb-container uagb-block-89f46640 alignfull uagb-is-root-container\"><div class=\"uagb-container-inner-blocks-wrap\">\n<h2 class=\"wp-block-heading has-text-align-center\" style=\"font-size:28px;font-style:normal;font-weight:500\">DOCUMENTOS<\/h2>\n\n\n\n<figure class=\"wp-block-image aligncenter size-full\"><img loading=\"lazy\" decoding=\"async\" width=\"143\" height=\"34\" src=\"https:\/\/solanacapital.com.br\/wp-content\/uploads\/2023\/11\/detalhe-logo-2.jpg\" alt=\"\" class=\"wp-image-1259\"\/><\/figure>\n\n\n\n<section class=\"wp-block-uagb-section uagb-section__wrap uagb-section__background-none uagb-block-7fbc870a\"><div class=\"uagb-section__overlay\"><\/div><div class=\"uagb-section__inner-wrap\">\n<h2 class=\"wp-block-heading has-text-align-center has-ast-global-color-6-color has-text-color has-link-color wp-elements-c4e98d05bcb91a8ae4b851bc345aad6f\" style=\"font-size:15px\"><a href=\"https:\/\/solanacapital.com.br\/wp-content\/uploads\/2023\/12\/PoliticadeVoto.pdf\" target=\"_blank\" rel=\"noreferrer noopener\">Pol\u00edtica de Voto<\/a><\/h2>\n\n\n\n<h2 class=\"wp-block-heading has-text-align-center has-ast-global-color-6-color has-text-color has-link-color wp-elements-350c18c608459d8125e87385d5c237d2\" style=\"font-size:15px\"><a href=\"https:\/\/solanacapital.com.br\/wp-content\/uploads\/2023\/12\/Regulamento-Solana-Acoes-FIC-FIA-19.07.2022-VF.pdf\" target=\"_blank\" rel=\"noreferrer noopener\">Regulamento<\/a><\/h2>\n\n\n\n<h2 class=\"wp-block-heading has-text-align-center has-ast-global-color-6-color has-text-color has-link-color wp-elements-9475daf35d913fca99cbf25efb45d659\" style=\"font-size:15px\"><a href=\"https:\/\/solanacapital.com.br\/wp-content\/uploads\/2026\/05\/Solana-Acoes-FIC-FIA-Abril-2026-1.pdf\" target=\"_blank\" rel=\"noreferrer noopener\">Material de Divulga\u00e7\u00e3o<\/a><\/h2>\n<\/div><\/section>\n<\/div><\/div>\n","protected":false},"excerpt":{"rendered":"<p>SOLANA A\u00c7\u00d5ES FIC DE FIA SOLANA A\u00c7\u00d5ES FIC DE FIA Objetivo Objetivo O objetivo do fundo \u00e9 buscar retornos superiores ao Ibovespa no m\u00e9dio e longo prazos, atrav\u00e9s de uma estrat\u00e9gia de exposi\u00e7\u00e3o predominantemente setorial.&nbsp; Pol\u00edticas de Investimentos&nbsp; Pol\u00edticas de Investimentos&nbsp; O fundo investir\u00e1 atrav\u00e9s do fundo master \u00b9 em a\u00e7\u00f5es (a\u00e7\u00f5es, b\u00f4nus ou recibos &hellip;<\/p>\n<p class=\"read-more\"> <a class=\"\" href=\"https:\/\/solanacapital.com.br\/?page_id=1214\"> <span class=\"screen-reader-text\">SOLANA A\u00c7\u00d5ES FIC DE FIA<\/span> Leia mais &raquo;<\/a><\/p>\n","protected":false},"author":1,"featured_media":0,"parent":0,"menu_order":0,"comment_status":"closed","ping_status":"closed","template":"","meta":{"_uag_custom_page_level_css":"","site-sidebar-layout":"no-sidebar","site-content-layout":"page-builder","ast-site-content-layout":"full-width-container","site-content-style":"unboxed","site-sidebar-style":"unboxed","ast-global-header-display":"","ast-banner-title-visibility":"","ast-main-header-display":"","ast-hfb-above-header-display":"","ast-hfb-below-header-display":"","ast-hfb-mobile-header-display":"","site-post-title":"disabled","ast-breadcrumbs-content":"","ast-featured-img":"disabled","footer-sml-layout":"","theme-transparent-header-meta":"","adv-header-id-meta":"","stick-header-meta":"","header-above-stick-meta":"","header-main-stick-meta":"","header-below-stick-meta":"","astra-migrate-meta-layouts":"set","ast-page-background-enabled":"default","ast-page-background-meta":{"desktop":{"background-color":"var(--ast-global-color-4)","background-image":"","background-repeat":"repeat","background-position":"center center","background-size":"auto","background-attachment":"scroll","background-type":"","background-media":"","overlay-type":"","overlay-color":"","overlay-gradient":""},"tablet":{"background-color":"","background-image":"","background-repeat":"repeat","background-position":"center center","background-size":"auto","background-attachment":"scroll","background-type":"","background-media":"","overlay-type":"","overlay-color":"","overlay-gradient":""},"mobile":{"background-color":"","background-image":"","background-repeat":"repeat","background-position":"center center","background-size":"auto","background-attachment":"scroll","background-type":"","background-media":"","overlay-type":"","overlay-color":"","overlay-gradient":""}},"ast-content-background-meta":{"desktop":{"background-color":"var(--ast-global-color-5)","background-image":"","background-repeat":"repeat","background-position":"center center","background-size":"auto","background-attachment":"scroll","background-type":"","background-media":"","overlay-type":"","overlay-color":"","overlay-gradient":""},"tablet":{"background-color":"var(--ast-global-color-5)","background-image":"","background-repeat":"repeat","background-position":"center center","background-size":"auto","background-attachment":"scroll","background-type":"","background-media":"","overlay-type":"","overlay-color":"","overlay-gradient":""},"mobile":{"background-color":"var(--ast-global-color-5)","background-image":"","background-repeat":"repeat","background-position":"center center","background-size":"auto","background-attachment":"scroll","background-type":"","background-media":"","overlay-type":"","overlay-color":"","overlay-gradient":""}},"footnotes":""},"uagb_featured_image_src":{"full":false,"thumbnail":false,"medium":false,"medium_large":false,"large":false,"1536x1536":false,"2048x2048":false},"uagb_author_info":{"display_name":"vossrobertt@gmail.com","author_link":"https:\/\/solanacapital.com.br\/?author=1"},"uagb_comment_info":0,"uagb_excerpt":"SOLANA A\u00c7\u00d5ES FIC DE FIA SOLANA A\u00c7\u00d5ES FIC DE FIA Objetivo Objetivo O objetivo do fundo \u00e9 buscar retornos superiores ao Ibovespa no m\u00e9dio e longo prazos, atrav\u00e9s de uma estrat\u00e9gia de exposi\u00e7\u00e3o predominantemente setorial.&nbsp; Pol\u00edticas de Investimentos&nbsp; Pol\u00edticas de Investimentos&nbsp; O fundo investir\u00e1 atrav\u00e9s do fundo master \u00b9 em a\u00e7\u00f5es (a\u00e7\u00f5es, b\u00f4nus ou recibos&hellip;","_links":{"self":[{"href":"https:\/\/solanacapital.com.br\/index.php?rest_route=\/wp\/v2\/pages\/1214"}],"collection":[{"href":"https:\/\/solanacapital.com.br\/index.php?rest_route=\/wp\/v2\/pages"}],"about":[{"href":"https:\/\/solanacapital.com.br\/index.php?rest_route=\/wp\/v2\/types\/page"}],"author":[{"embeddable":true,"href":"https:\/\/solanacapital.com.br\/index.php?rest_route=\/wp\/v2\/users\/1"}],"replies":[{"embeddable":true,"href":"https:\/\/solanacapital.com.br\/index.php?rest_route=%2Fwp%2Fv2%2Fcomments&post=1214"}],"version-history":[{"count":88,"href":"https:\/\/solanacapital.com.br\/index.php?rest_route=\/wp\/v2\/pages\/1214\/revisions"}],"predecessor-version":[{"id":2971,"href":"https:\/\/solanacapital.com.br\/index.php?rest_route=\/wp\/v2\/pages\/1214\/revisions\/2971"}],"wp:attachment":[{"href":"https:\/\/solanacapital.com.br\/index.php?rest_route=%2Fwp%2Fv2%2Fmedia&parent=1214"}],"curies":[{"name":"wp","href":"https:\/\/api.w.org\/{rel}","templated":true}]}}