{"id":1194,"date":"2023-11-30T11:35:25","date_gmt":"2023-11-30T14:35:25","guid":{"rendered":"https:\/\/solanacapital.com.br\/?page_id=1194"},"modified":"2026-03-17T16:02:48","modified_gmt":"2026-03-17T19:02:48","slug":"regulatorio","status":"publish","type":"page","link":"https:\/\/solanacapital.com.br\/?page_id=1194","title":{"rendered":"Regulatorio"},"content":{"rendered":"\n<div class=\"wp-block-uagb-container uagb-block-44b414af alignfull uagb-is-root-container\"><div class=\"uagb-container-inner-blocks-wrap\">\n<center><div class=\"wp-block-uagb-advanced-heading uagb-block-c34334b7\"><h1 class=\"uagb-heading-text\">POL\u00cdTICAS SOLANA<\/h1><figure class=\"wp-block-image aligncenter size-full\"><img loading=\"lazy\" decoding=\"async\" width=\"143\" height=\"34\" src=\"https:\/\/solanacapital.com.br\/wp-content\/uploads\/2023\/11\/detalhe1-removebg-preview-2.png\" alt=\"\" class=\"wp-image-939\"\/><\/figure><\/div><\/center>\n\n\n\n<section class=\"wp-block-uagb-section uagb-section__wrap uagb-section__background-none uagb-block-1cd414c8\"><div class=\"uagb-section__overlay\"><\/div><div class=\"uagb-section__inner-wrap\">\n<h2 class=\"wp-block-heading has-text-align-center has-medium-font-size\" style=\"font-style:italic;font-weight:500\"><a href=\"https:\/\/solanacapital.com.br\/wp-content\/uploads\/2026\/03\/FomularioReferencia_17_03_2026.pdf\" target=\"_blank\" rel=\"noreferrer noopener\">Formul\u00e1rio de Refer\u00eancia<\/a><\/h2>\n\n\n\n<div style=\"height:10px\" aria-hidden=\"true\" class=\"wp-block-spacer\"><\/div>\n\n\n\n<h2 class=\"wp-block-heading has-text-align-center has-medium-font-size\" style=\"font-style:italic;font-weight:500\"><a href=\"https:\/\/solanacapital.com.br\/wp-content\/uploads\/2025\/05\/Site.pdf\" target=\"_blank\" rel=\"noreferrer noopener\">C\u00f3digos e Pol\u00edticas<\/a><\/h2>\n\n\n\n<div style=\"height:10px\" aria-hidden=\"true\" class=\"wp-block-spacer\"><\/div>\n\n\n\n<h2 class=\"wp-block-heading has-text-align-center has-medium-font-size\" style=\"font-style:italic;font-weight:500\"><a href=\"https:\/\/solanacapital.com.br\/wp-content\/uploads\/2025\/06\/Sumario-de-Remuneracao-Solana-1.pdf\" target=\"_blank\" rel=\"noreferrer noopener\">Transpar\u00eancia Informacional<\/a><\/h2>\n\n\n\n<div style=\"height:10px\" aria-hidden=\"true\" class=\"wp-block-spacer\"><\/div>\n\n\n\n<h2 class=\"wp-block-heading has-text-align-center has-medium-font-size\" style=\"font-style:italic;font-weight:500\"><a href=\"https:\/\/solanacapital.com.br\/wp-content\/uploads\/2025\/07\/Simulacao_Varejo-1.xlsx\" data-type=\"link\" data-id=\"https:\/\/solanacapital.com.br\/wp-content\/uploads\/2025\/07\/Simulacao_Varejo-1.xlsx\">Simula\u00e7\u00e3o de Cen\u00e1rios em Fundos de Varejo<\/a><\/h2>\n\n\n\n<div style=\"height:10px\" aria-hidden=\"true\" class=\"wp-block-spacer\"><\/div>\n\n\n\n<h2 class=\"wp-block-heading has-text-align-center has-medium-font-size\" style=\"font-style:italic;font-weight:500\"><a href=\"https:\/\/solanacapital.com.br\/wp-content\/uploads\/2023\/12\/Politica-de-Voto.pdf\" target=\"_blank\" rel=\"noreferrer noopener\">Pol\u00edtica de Voto<\/a><\/h2>\n<\/div><\/section>\n<\/div><\/div>\n","protected":false},"excerpt":{"rendered":"<p>POL\u00cdTICAS SOLANA<\/p>\n","protected":false},"author":1,"featured_media":0,"parent":0,"menu_order":0,"comment_status":"closed","ping_status":"closed","template":"","meta":{"_uag_custom_page_level_css":"","site-sidebar-layout":"no-sidebar","site-content-layout":"page-builder","ast-site-content-layout":"full-width-container","site-content-style":"unboxed","site-sidebar-style":"unboxed","ast-global-header-display":"","ast-banner-title-visibility":"","ast-main-header-display":"","ast-hfb-above-header-display":"","ast-hfb-below-header-display":"","ast-hfb-mobile-header-display":"","site-post-title":"disabled","ast-breadcrumbs-content":"","ast-featured-img":"disabled","footer-sml-layout":"","theme-transparent-header-meta":"","adv-header-id-meta":"","stick-header-meta":"","header-above-stick-meta":"","header-main-stick-meta":"","header-below-stick-meta":"","astra-migrate-meta-layouts":"set","ast-page-background-enabled":"default","ast-page-background-meta":{"desktop":{"background-color":"var(--ast-global-color-4)","background-image":"","background-repeat":"repeat","background-position":"center center","background-size":"auto","background-attachment":"scroll","background-type":"","background-media":"","overlay-type":"","overlay-color":"","overlay-gradient":""},"tablet":{"background-color":"","background-image":"","background-repeat":"repeat","background-position":"center center","background-size":"auto","background-attachment":"scroll","background-type":"","background-media":"","overlay-type":"","overlay-color":"","overlay-gradient":""},"mobile":{"background-color":"","background-image":"","background-repeat":"repeat","background-position":"center center","background-size":"auto","background-attachment":"scroll","background-type":"","background-media":"","overlay-type":"","overlay-color":"","overlay-gradient":""}},"ast-content-background-meta":{"desktop":{"background-color":"var(--ast-global-color-5)","background-image":"","background-repeat":"repeat","background-position":"center center","background-size":"auto","background-attachment":"scroll","background-type":"","background-media":"","overlay-type":"","overlay-color":"","overlay-gradient":""},"tablet":{"background-color":"var(--ast-global-color-5)","background-image":"","background-repeat":"repeat","background-position":"center center","background-size":"auto","background-attachment":"scroll","background-type":"","background-media":"","overlay-type":"","overlay-color":"","overlay-gradient":""},"mobile":{"background-color":"var(--ast-global-color-5)","background-image":"","background-repeat":"repeat","background-position":"center center","background-size":"auto","background-attachment":"scroll","background-type":"","background-media":"","overlay-type":"","overlay-color":"","overlay-gradient":""}},"footnotes":""},"uagb_featured_image_src":{"full":false,"thumbnail":false,"medium":false,"medium_large":false,"large":false,"1536x1536":false,"2048x2048":false},"uagb_author_info":{"display_name":"vossrobertt@gmail.com","author_link":"https:\/\/solanacapital.com.br\/?author=1"},"uagb_comment_info":0,"uagb_excerpt":"POL\u00cdTICAS SOLANA","_links":{"self":[{"href":"https:\/\/solanacapital.com.br\/index.php?rest_route=\/wp\/v2\/pages\/1194"}],"collection":[{"href":"https:\/\/solanacapital.com.br\/index.php?rest_route=\/wp\/v2\/pages"}],"about":[{"href":"https:\/\/solanacapital.com.br\/index.php?rest_route=\/wp\/v2\/types\/page"}],"author":[{"embeddable":true,"href":"https:\/\/solanacapital.com.br\/index.php?rest_route=\/wp\/v2\/users\/1"}],"replies":[{"embeddable":true,"href":"https:\/\/solanacapital.com.br\/index.php?rest_route=%2Fwp%2Fv2%2Fcomments&post=1194"}],"version-history":[{"count":27,"href":"https:\/\/solanacapital.com.br\/index.php?rest_route=\/wp\/v2\/pages\/1194\/revisions"}],"predecessor-version":[{"id":2916,"href":"https:\/\/solanacapital.com.br\/index.php?rest_route=\/wp\/v2\/pages\/1194\/revisions\/2916"}],"wp:attachment":[{"href":"https:\/\/solanacapital.com.br\/index.php?rest_route=%2Fwp%2Fv2%2Fmedia&parent=1194"}],"curies":[{"name":"wp","href":"https:\/\/api.w.org\/{rel}","templated":true}]}}