{"id":1192,"date":"2023-11-30T11:35:30","date_gmt":"2023-11-30T14:35:30","guid":{"rendered":"https:\/\/solanacapital.com.br\/?page_id=1192"},"modified":"2023-11-30T14:09:15","modified_gmt":"2023-11-30T17:09:15","slug":"empresa","status":"publish","type":"page","link":"https:\/\/solanacapital.com.br\/?page_id=1192","title":{"rendered":"Empresa"},"content":{"rendered":"\n<div class=\"wp-block-uagb-container uagb-block-44b414af alignfull uagb-is-root-container\"><div class=\"uagb-container-inner-blocks-wrap\">\n<h2 class=\"wp-block-heading has-text-align-center\">SOLANA CAPITAL<\/h2>\n\n\n\n<figure class=\"wp-block-image aligncenter size-full\"><img loading=\"lazy\" decoding=\"async\" width=\"143\" height=\"34\" src=\"https:\/\/solanacapital.com.br\/wp-content\/uploads\/2023\/11\/detalhe-logo-2.jpg\" alt=\"\" class=\"wp-image-1259\"\/><\/figure>\n\n\n\n<div class=\"wp-block-uagb-container uagb-block-2d588e8f alignfull uagb-is-root-container\"><div class=\"uagb-container-inner-blocks-wrap\">\n<h2 class=\"wp-block-heading has-text-align-left has-medium-font-size\" style=\"padding-top:0;padding-bottom:0\"><strong>Times De Gest\u00e3o e An\u00e1lise S\u00f3lidos e Experientes<\/strong><\/h2>\n\n\n\n<p class=\"has-text-align-left\">A equipe da Solana Capital \u00e9 formada por profissionais com ampla experi\u00eancia em gest\u00e3o e an\u00e1lise, que j\u00e1 trabalharam juntos em renomadas institui\u00e7\u00f5es nacionais e internacionais.<\/p>\n<\/div><\/div>\n\n\n\n<div class=\"wp-block-uagb-container uagb-block-f38c4f1c alignfull uagb-is-root-container\"><div class=\"uagb-container-inner-blocks-wrap\">\n<h2 class=\"wp-block-heading has-medium-font-size\"><strong>R\u00edgido Processo De Investimento<\/strong><\/h2>\n\n\n\n<p>O processo de investimento \u00e9 baseado em profunda an\u00e1lise fundamentalista, aliada \u00e0 disciplina no processo decis\u00f3rio, agilidade na implementa\u00e7\u00e3o das estrat\u00e9gias, e a um cont\u00ednuo controle de riscos.\u00a0<\/p>\n<\/div><\/div>\n\n\n\n<div class=\"wp-block-uagb-container uagb-block-b1e17c15 alignfull uagb-is-root-container\"><div class=\"uagb-container-inner-blocks-wrap\">\n<h2 class=\"wp-block-heading has-medium-font-size\"><strong>Interesses Alinhados Com Os Dos Clientes<\/strong><\/h2>\n\n\n\n<p>A Solana Capital foi criada dentro do modelo de partnership e gest\u00e3o meritocr\u00e1tica.\u00a0<br>A remunera\u00e7\u00e3o dos executivos \u00e9 eminentemente vari\u00e1vel e est\u00e1 totalmente atrelada \u00e0 performance. Os s\u00f3cios t\u00eam parcela relevante dos seus patrim\u00f4nios investida nos fundos geridos pela empresa.\u00a0<\/p>\n<\/div><\/div>\n\n\n\n<div class=\"wp-block-uagb-container uagb-block-e79a5fd6 alignfull uagb-is-root-container\"><div class=\"uagb-container-inner-blocks-wrap\">\n<h2 class=\"wp-block-heading has-medium-font-size\"><strong>Elevados Padr\u00f5es De Governan\u00e7a<\/strong><\/h2>\n\n\n\n<p>A Solana Capital adota elevados padr\u00f5es de governan\u00e7a corporativa, com foco especial no monitoramento cont\u00ednuo do risco das carteiras e em r\u00edgidos padr\u00f5es de conduta pessoal e profissional.\u00a0<\/p>\n<\/div><\/div>\n<\/div><\/div>\n","protected":false},"excerpt":{"rendered":"<p>SOLANA CAPITAL Times De Gest\u00e3o e An\u00e1lise S\u00f3lidos e Experientes A equipe da Solana Capital \u00e9 formada por profissionais com ampla experi\u00eancia em gest\u00e3o e an\u00e1lise, que j\u00e1 trabalharam juntos em renomadas institui\u00e7\u00f5es nacionais e internacionais. R\u00edgido Processo De Investimento O processo de investimento \u00e9 baseado em profunda an\u00e1lise fundamentalista, aliada \u00e0 disciplina no processo &hellip;<\/p>\n<p class=\"read-more\"> <a class=\"\" href=\"https:\/\/solanacapital.com.br\/?page_id=1192\"> <span class=\"screen-reader-text\">Empresa<\/span> Leia mais &raquo;<\/a><\/p>\n","protected":false},"author":1,"featured_media":0,"parent":0,"menu_order":0,"comment_status":"closed","ping_status":"closed","template":"","meta":{"_uag_custom_page_level_css":"","site-sidebar-layout":"no-sidebar","site-content-layout":"page-builder","ast-site-content-layout":"full-width-container","site-content-style":"unboxed","site-sidebar-style":"unboxed","ast-global-header-display":"","ast-banner-title-visibility":"","ast-main-header-display":"","ast-hfb-above-header-display":"","ast-hfb-below-header-display":"","ast-hfb-mobile-header-display":"","site-post-title":"disabled","ast-breadcrumbs-content":"","ast-featured-img":"disabled","footer-sml-layout":"","theme-transparent-header-meta":"","adv-header-id-meta":"","stick-header-meta":"","header-above-stick-meta":"","header-main-stick-meta":"","header-below-stick-meta":"","astra-migrate-meta-layouts":"set","ast-page-background-enabled":"default","ast-page-background-meta":{"desktop":{"background-color":"var(--ast-global-color-4)","background-image":"","background-repeat":"repeat","background-position":"center center","background-size":"auto","background-attachment":"scroll","background-type":"","background-media":"","overlay-type":"","overlay-color":"","overlay-gradient":""},"tablet":{"background-color":"","background-image":"","background-repeat":"repeat","background-position":"center center","background-size":"auto","background-attachment":"scroll","background-type":"","background-media":"","overlay-type":"","overlay-color":"","overlay-gradient":""},"mobile":{"background-color":"","background-image":"","background-repeat":"repeat","background-position":"center center","background-size":"auto","background-attachment":"scroll","background-type":"","background-media":"","overlay-type":"","overlay-color":"","overlay-gradient":""}},"ast-content-background-meta":{"desktop":{"background-color":"var(--ast-global-color-5)","background-image":"","background-repeat":"repeat","background-position":"center center","background-size":"auto","background-attachment":"scroll","background-type":"","background-media":"","overlay-type":"","overlay-color":"","overlay-gradient":""},"tablet":{"background-color":"var(--ast-global-color-5)","background-image":"","background-repeat":"repeat","background-position":"center center","background-size":"auto","background-attachment":"scroll","background-type":"","background-media":"","overlay-type":"","overlay-color":"","overlay-gradient":""},"mobile":{"background-color":"var(--ast-global-color-5)","background-image":"","background-repeat":"repeat","background-position":"center center","background-size":"auto","background-attachment":"scroll","background-type":"","background-media":"","overlay-type":"","overlay-color":"","overlay-gradient":""}},"footnotes":""},"uagb_featured_image_src":{"full":false,"thumbnail":false,"medium":false,"medium_large":false,"large":false,"1536x1536":false,"2048x2048":false},"uagb_author_info":{"display_name":"vossrobertt@gmail.com","author_link":"https:\/\/solanacapital.com.br\/?author=1"},"uagb_comment_info":0,"uagb_excerpt":"SOLANA CAPITAL Times De Gest\u00e3o e An\u00e1lise S\u00f3lidos e Experientes A equipe da Solana Capital \u00e9 formada por profissionais com ampla experi\u00eancia em gest\u00e3o e an\u00e1lise, que j\u00e1 trabalharam juntos em renomadas institui\u00e7\u00f5es nacionais e internacionais. R\u00edgido Processo De Investimento O processo de investimento \u00e9 baseado em profunda an\u00e1lise fundamentalista, aliada \u00e0 disciplina no processo&hellip;","_links":{"self":[{"href":"https:\/\/solanacapital.com.br\/index.php?rest_route=\/wp\/v2\/pages\/1192"}],"collection":[{"href":"https:\/\/solanacapital.com.br\/index.php?rest_route=\/wp\/v2\/pages"}],"about":[{"href":"https:\/\/solanacapital.com.br\/index.php?rest_route=\/wp\/v2\/types\/page"}],"author":[{"embeddable":true,"href":"https:\/\/solanacapital.com.br\/index.php?rest_route=\/wp\/v2\/users\/1"}],"replies":[{"embeddable":true,"href":"https:\/\/solanacapital.com.br\/index.php?rest_route=%2Fwp%2Fv2%2Fcomments&post=1192"}],"version-history":[{"count":21,"href":"https:\/\/solanacapital.com.br\/index.php?rest_route=\/wp\/v2\/pages\/1192\/revisions"}],"predecessor-version":[{"id":1358,"href":"https:\/\/solanacapital.com.br\/index.php?rest_route=\/wp\/v2\/pages\/1192\/revisions\/1358"}],"wp:attachment":[{"href":"https:\/\/solanacapital.com.br\/index.php?rest_route=%2Fwp%2Fv2%2Fmedia&parent=1192"}],"curies":[{"name":"wp","href":"https:\/\/api.w.org\/{rel}","templated":true}]}}